{"id":5251,"date":"2026-02-21T12:25:45","date_gmt":"2026-02-21T10:25:45","guid":{"rendered":"https:\/\/www.kaashandelsauer.nl\/winkel\/%f0%9f%a7%80-stolwijker-bauernkase-gereift-de\/"},"modified":"2026-03-10T00:34:18","modified_gmt":"2026-03-09T22:34:18","slug":"%f0%9f%a7%80-stolwijker-bauernkase-gereift-de","status":"publish","type":"product","link":"https:\/\/www.kaashandelsauer.nl\/de\/winkel\/%f0%9f%a7%80-stolwijker-bauernkase-gereift-de\/","title":{"rendered":"\ud83e\uddc0 Stolwijker Bauernk\u00e4se \u2013 Gereift"},"content":{"rendered":"<p>Der Stolwijker Bauernk\u00e4se Gereift ist ein handwerklicher Bauernk\u00e4se mit Charakter. Auf traditionelle Weise hergestellt und bis zum perfekten Punkt gereift, an dem Cremigkeit und Kraft zusammentreffen. W\u00e4hrend der Reifung entwickelt dieser K\u00e4se einen vollen, leicht w\u00fcrzigen Geschmack mit einer angenehmen Herzaftigkeit. Die Struktur ist fest, aber noch immer geschmeidig genug, um sich sch\u00f6n schneiden zu lassen und herrlich zu genie\u00dfen. Dies ist ein K\u00e4se, den Sie jeden Tag essen k\u00f6nnen, der aber auch auf der K\u00e4seplatte Eindruck macht.<\/p>\n<p>Geschmacksprofil<\/p>\n<p>Voll und cremig<\/p>\n<p>Leicht w\u00fcrzig<\/p>\n<p>Sch\u00f6ne Balance zwischen mild und gereift<\/p>\n<p>Authentischer Bauerncharakter<\/p>\n<p>Perfekt f\u00fcr<\/p>\n<p>T\u00e4glich auf Brot<\/p>\n<p>In W\u00fcrfeln zur K\u00e4seplatte<\/p>\n<p>Gerieben \u00fcber Ofengerichte<\/p>\n<p>Auf einem frischen St\u00fcck Baguette<\/p>\n<p>\u2713 Frisch vom Messer! Sofort vakuumverpackt<br \/>\n\u2713 K\u00e4sepapier standardm\u00e4\u00dfig gratis mitgeliefert<\/p>\n<p>Hinweis: K\u00e4se schneiden ist ein Handwerk. Wir halten eine Abweichung von circa 25 Gramm mehr oder weniger vom bestellten Gewicht ein.<\/p>\n","protected":false},"excerpt":{"rendered":"<p>Der Stolwijker Bauernk\u00e4se Gereift ist ein handwerklicher Bauernk\u00e4se mit Charakter. Auf traditionelle Weise hergestellt und bis zum perfekten Punkt gereift, an dem Cremigkeit und Kraft zusammentreffen.<\/p>\n","protected":false},"featured_media":5419,"comment_status":"open","ping_status":"closed","template":"","meta":{"site-sidebar-layout":"default","site-content-layout":"","ast-site-content-layout":"default","site-content-style":"default","site-sidebar-style":"default","ast-global-header-display":"","ast-banner-title-visibility":"","ast-main-header-display":"","ast-hfb-above-header-display":"","ast-hfb-below-header-display":"","ast-hfb-mobile-header-display":"","site-post-title":"","ast-breadcrumbs-content":"","ast-featured-img":"","footer-sml-layout":"","ast-disable-related-posts":"","theme-transparent-header-meta":"default","adv-header-id-meta":"","stick-header-meta":"","header-above-stick-meta":"","header-main-stick-meta":"","header-below-stick-meta":"","astra-migrate-meta-layouts":"set","ast-page-background-enabled":"default","ast-page-background-meta":{"desktop":{"background-color":"var(--ast-global-color-5)","background-image":"","background-repeat":"repeat","background-position":"center center","background-size":"auto","background-attachment":"scroll","background-type":"","background-media":"","overlay-type":"","overlay-color":"","overlay-opacity":"","overlay-gradient":""},"tablet":{"background-color":"","background-image":"","background-repeat":"repeat","background-position":"center center","background-size":"auto","background-attachment":"scroll","background-type":"","background-media":"","overlay-type":"","overlay-color":"","overlay-opacity":"","overlay-gradient":""},"mobile":{"background-color":"","background-image":"","background-repeat":"repeat","background-position":"center center","background-size":"auto","background-attachment":"scroll","background-type":"","background-media":"","overlay-type":"","overlay-color":"","overlay-opacity":"","overlay-gradient":""}},"ast-content-background-meta":{"desktop":{"background-color":"var(--ast-global-color-4)","background-image":"","background-repeat":"repeat","background-position":"center center","background-size":"auto","background-attachment":"scroll","background-type":"","background-media":"","overlay-type":"","overlay-color":"","overlay-opacity":"","overlay-gradient":""},"tablet":{"background-color":"var(--ast-global-color-4)","background-image":"","background-repeat":"repeat","background-position":"center center","background-size":"auto","background-attachment":"scroll","background-type":"","background-media":"","overlay-type":"","overlay-color":"","overlay-opacity":"","overlay-gradient":""},"mobile":{"background-color":"var(--ast-global-color-4)","background-image":"","background-repeat":"repeat","background-position":"center center","background-size":"auto","background-attachment":"scroll","background-type":"","background-media":"","overlay-type":"","overlay-color":"","overlay-opacity":"","overlay-gradient":""}}},"product_brand":[],"product_cat":[80],"product_tag":[],"class_list":{"0":"post-5251","1":"product","2":"type-product","3":"status-publish","4":"has-post-thumbnail","6":"product_cat-kaese","7":"desktop-align-left","8":"tablet-align-left","9":"mobile-align-left","10":"ast-product-gallery-layout-horizontal-slider","11":"ast-product-gallery-with-no-image","12":"ast-product-tabs-layout-horizontal","14":"first","15":"instock","16":"taxable","17":"shipping-taxable","18":"purchasable","19":"product-type-simple"},"yoast_head":"<!-- This site is optimized with the Yoast SEO plugin v27.4 - https:\/\/yoast.com\/product\/yoast-seo-wordpress\/ -->\n<title>\ud83e\uddc0 Stolwijker Bauernk\u00e4se \u2013 Gereift - Kaashandel Sauer<\/title>\n<meta name=\"robots\" content=\"index, follow, max-snippet:-1, max-image-preview:large, max-video-preview:-1\" \/>\n<link rel=\"canonical\" href=\"https:\/\/www.kaashandelsauer.nl\/winkel\/\ud83e\uddc0-boeren-stolwijkse-kaas-belegen\/\" \/>\n<meta property=\"og:locale\" content=\"de_DE\" \/>\n<meta property=\"og:type\" content=\"article\" \/>\n<meta property=\"og:title\" content=\"\ud83e\uddc0 Stolwijker Bauernk\u00e4se \u2013 Gereift - Kaashandel Sauer\" \/>\n<meta property=\"og:description\" content=\"Der Stolwijker Bauernk\u00e4se Gereift ist ein handwerklicher Bauernk\u00e4se mit Charakter. Auf traditionelle Weise hergestellt und bis zum perfekten Punkt gereift, an dem Cremigkeit und Kraft zusammentreffen.\" \/>\n<meta property=\"og:url\" content=\"https:\/\/www.kaashandelsauer.nl\/winkel\/\ud83e\uddc0-boeren-stolwijkse-kaas-belegen\/\" \/>\n<meta property=\"og:site_name\" content=\"Kaashandel Sauer\" \/>\n<meta property=\"article:modified_time\" content=\"2026-03-09T22:34:18+00:00\" \/>\n<meta name=\"twitter:card\" content=\"summary_large_image\" \/>\n<meta name=\"twitter:label1\" content=\"Gesch\u00e4tzte Lesezeit\" \/>\n\t<meta name=\"twitter:data1\" content=\"1\u00a0Minute\" \/>\n<script type=\"application\/ld+json\" class=\"yoast-schema-graph\">{\"@context\":\"https:\\\/\\\/schema.org\",\"@graph\":[{\"@type\":\"WebPage\",\"@id\":\"https:\\\/\\\/www.kaashandelsauer.nl\\\/winkel\\\/%f0%9f%a7%80-boeren-stolwijkse-kaas-belegen\\\/\",\"url\":\"https:\\\/\\\/www.kaashandelsauer.nl\\\/winkel\\\/%f0%9f%a7%80-boeren-stolwijkse-kaas-belegen\\\/\",\"name\":\"\ud83e\uddc0 Stolwijker Bauernk\u00e4se \u2013 Gereift - Kaashandel Sauer\",\"isPartOf\":{\"@id\":\"https:\\\/\\\/www.kaashandelsauer.nl\\\/#website\"},\"primaryImageOfPage\":{\"@id\":\"https:\\\/\\\/www.kaashandelsauer.nl\\\/winkel\\\/%f0%9f%a7%80-boeren-stolwijkse-kaas-belegen\\\/#primaryimage\"},\"image\":{\"@id\":\"https:\\\/\\\/www.kaashandelsauer.nl\\\/winkel\\\/%f0%9f%a7%80-boeren-stolwijkse-kaas-belegen\\\/#primaryimage\"},\"thumbnailUrl\":\"https:\\\/\\\/www.kaashandelsauer.nl\\\/wp-content\\\/uploads\\\/PHOTO-2026-02-20-19-12-11-7.avif\",\"datePublished\":\"2026-02-21T10:25:45+00:00\",\"dateModified\":\"2026-03-09T22:34:18+00:00\",\"breadcrumb\":{\"@id\":\"https:\\\/\\\/www.kaashandelsauer.nl\\\/winkel\\\/%f0%9f%a7%80-boeren-stolwijkse-kaas-belegen\\\/#breadcrumb\"},\"inLanguage\":\"de\",\"potentialAction\":[{\"@type\":\"ReadAction\",\"target\":[\"https:\\\/\\\/www.kaashandelsauer.nl\\\/winkel\\\/%f0%9f%a7%80-boeren-stolwijkse-kaas-belegen\\\/\"]}]},{\"@type\":\"ImageObject\",\"inLanguage\":\"de\",\"@id\":\"https:\\\/\\\/www.kaashandelsauer.nl\\\/winkel\\\/%f0%9f%a7%80-boeren-stolwijkse-kaas-belegen\\\/#primaryimage\",\"url\":\"https:\\\/\\\/www.kaashandelsauer.nl\\\/wp-content\\\/uploads\\\/PHOTO-2026-02-20-19-12-11-7.avif\",\"contentUrl\":\"https:\\\/\\\/www.kaashandelsauer.nl\\\/wp-content\\\/uploads\\\/PHOTO-2026-02-20-19-12-11-7.avif\",\"width\":1487,\"height\":1600},{\"@type\":\"BreadcrumbList\",\"@id\":\"https:\\\/\\\/www.kaashandelsauer.nl\\\/winkel\\\/%f0%9f%a7%80-boeren-stolwijkse-kaas-belegen\\\/#breadcrumb\",\"itemListElement\":[{\"@type\":\"ListItem\",\"position\":1,\"name\":\"Home\",\"item\":\"https:\\\/\\\/www.kaashandelsauer.nl\\\/\"},{\"@type\":\"ListItem\",\"position\":2,\"name\":\"Shop\",\"item\":\"https:\\\/\\\/www.kaashandelsauer.nl\\\/shop-de\\\/\"},{\"@type\":\"ListItem\",\"position\":3,\"name\":\"\ud83e\uddc0 Stolwijker Bauernk\u00e4se \u2013 Gereift\"}]},{\"@type\":\"WebSite\",\"@id\":\"https:\\\/\\\/www.kaashandelsauer.nl\\\/#website\",\"url\":\"https:\\\/\\\/www.kaashandelsauer.nl\\\/\",\"name\":\"Kaashandel Sauer\",\"description\":\"\",\"potentialAction\":[{\"@type\":\"SearchAction\",\"target\":{\"@type\":\"EntryPoint\",\"urlTemplate\":\"https:\\\/\\\/www.kaashandelsauer.nl\\\/?s={search_term_string}\"},\"query-input\":{\"@type\":\"PropertyValueSpecification\",\"valueRequired\":true,\"valueName\":\"search_term_string\"}}],\"inLanguage\":\"de\"}]}<\/script>\n<!-- \/ Yoast SEO plugin. -->","yoast_head_json":{"title":"\ud83e\uddc0 Stolwijker Bauernk\u00e4se \u2013 Gereift - Kaashandel Sauer","robots":{"index":"index","follow":"follow","max-snippet":"max-snippet:-1","max-image-preview":"max-image-preview:large","max-video-preview":"max-video-preview:-1"},"canonical":"https:\/\/www.kaashandelsauer.nl\/winkel\/\ud83e\uddc0-boeren-stolwijkse-kaas-belegen\/","og_locale":"de_DE","og_type":"article","og_title":"\ud83e\uddc0 Stolwijker Bauernk\u00e4se \u2013 Gereift - Kaashandel Sauer","og_description":"Der Stolwijker Bauernk\u00e4se Gereift ist ein handwerklicher Bauernk\u00e4se mit Charakter. Auf traditionelle Weise hergestellt und bis zum perfekten Punkt gereift, an dem Cremigkeit und Kraft zusammentreffen.","og_url":"https:\/\/www.kaashandelsauer.nl\/winkel\/\ud83e\uddc0-boeren-stolwijkse-kaas-belegen\/","og_site_name":"Kaashandel Sauer","article_modified_time":"2026-03-09T22:34:18+00:00","twitter_card":"summary_large_image","twitter_misc":{"Gesch\u00e4tzte Lesezeit":"1\u00a0Minute"},"schema":{"@context":"https:\/\/schema.org","@graph":[{"@type":"WebPage","@id":"https:\/\/www.kaashandelsauer.nl\/winkel\/%f0%9f%a7%80-boeren-stolwijkse-kaas-belegen\/","url":"https:\/\/www.kaashandelsauer.nl\/winkel\/%f0%9f%a7%80-boeren-stolwijkse-kaas-belegen\/","name":"\ud83e\uddc0 Stolwijker Bauernk\u00e4se \u2013 Gereift - Kaashandel Sauer","isPartOf":{"@id":"https:\/\/www.kaashandelsauer.nl\/#website"},"primaryImageOfPage":{"@id":"https:\/\/www.kaashandelsauer.nl\/winkel\/%f0%9f%a7%80-boeren-stolwijkse-kaas-belegen\/#primaryimage"},"image":{"@id":"https:\/\/www.kaashandelsauer.nl\/winkel\/%f0%9f%a7%80-boeren-stolwijkse-kaas-belegen\/#primaryimage"},"thumbnailUrl":"https:\/\/www.kaashandelsauer.nl\/wp-content\/uploads\/PHOTO-2026-02-20-19-12-11-7.avif","datePublished":"2026-02-21T10:25:45+00:00","dateModified":"2026-03-09T22:34:18+00:00","breadcrumb":{"@id":"https:\/\/www.kaashandelsauer.nl\/winkel\/%f0%9f%a7%80-boeren-stolwijkse-kaas-belegen\/#breadcrumb"},"inLanguage":"de","potentialAction":[{"@type":"ReadAction","target":["https:\/\/www.kaashandelsauer.nl\/winkel\/%f0%9f%a7%80-boeren-stolwijkse-kaas-belegen\/"]}]},{"@type":"ImageObject","inLanguage":"de","@id":"https:\/\/www.kaashandelsauer.nl\/winkel\/%f0%9f%a7%80-boeren-stolwijkse-kaas-belegen\/#primaryimage","url":"https:\/\/www.kaashandelsauer.nl\/wp-content\/uploads\/PHOTO-2026-02-20-19-12-11-7.avif","contentUrl":"https:\/\/www.kaashandelsauer.nl\/wp-content\/uploads\/PHOTO-2026-02-20-19-12-11-7.avif","width":1487,"height":1600},{"@type":"BreadcrumbList","@id":"https:\/\/www.kaashandelsauer.nl\/winkel\/%f0%9f%a7%80-boeren-stolwijkse-kaas-belegen\/#breadcrumb","itemListElement":[{"@type":"ListItem","position":1,"name":"Home","item":"https:\/\/www.kaashandelsauer.nl\/"},{"@type":"ListItem","position":2,"name":"Shop","item":"https:\/\/www.kaashandelsauer.nl\/shop-de\/"},{"@type":"ListItem","position":3,"name":"\ud83e\uddc0 Stolwijker Bauernk\u00e4se \u2013 Gereift"}]},{"@type":"WebSite","@id":"https:\/\/www.kaashandelsauer.nl\/#website","url":"https:\/\/www.kaashandelsauer.nl\/","name":"Kaashandel Sauer","description":"","potentialAction":[{"@type":"SearchAction","target":{"@type":"EntryPoint","urlTemplate":"https:\/\/www.kaashandelsauer.nl\/?s={search_term_string}"},"query-input":{"@type":"PropertyValueSpecification","valueRequired":true,"valueName":"search_term_string"}}],"inLanguage":"de"}]}},"jetpack_sharing_enabled":true,"_links":{"self":[{"href":"https:\/\/www.kaashandelsauer.nl\/de\/wp-json\/wp\/v2\/product\/5251","targetHints":{"allow":["GET"]}}],"collection":[{"href":"https:\/\/www.kaashandelsauer.nl\/de\/wp-json\/wp\/v2\/product"}],"about":[{"href":"https:\/\/www.kaashandelsauer.nl\/de\/wp-json\/wp\/v2\/types\/product"}],"replies":[{"embeddable":true,"href":"https:\/\/www.kaashandelsauer.nl\/de\/wp-json\/wp\/v2\/comments?post=5251"}],"wp:featuredmedia":[{"embeddable":true,"href":"https:\/\/www.kaashandelsauer.nl\/de\/wp-json\/wp\/v2\/media\/5419"}],"wp:attachment":[{"href":"https:\/\/www.kaashandelsauer.nl\/de\/wp-json\/wp\/v2\/media?parent=5251"}],"wp:term":[{"taxonomy":"product_brand","embeddable":true,"href":"https:\/\/www.kaashandelsauer.nl\/de\/wp-json\/wp\/v2\/product_brand?post=5251"},{"taxonomy":"product_cat","embeddable":true,"href":"https:\/\/www.kaashandelsauer.nl\/de\/wp-json\/wp\/v2\/product_cat?post=5251"},{"taxonomy":"product_tag","embeddable":true,"href":"https:\/\/www.kaashandelsauer.nl\/de\/wp-json\/wp\/v2\/product_tag?post=5251"}],"curies":[{"name":"wp","href":"https:\/\/api.w.org\/{rel}","templated":true}]}}