{"id":5257,"date":"2026-03-10T00:34:18","date_gmt":"2026-03-09T22:34:18","guid":{"rendered":"https:\/\/www.kaashandelsauer.nl\/winkel\/%f0%9f%a7%80-old-maastricht-pikant-de\/"},"modified":"2026-03-10T00:34:18","modified_gmt":"2026-03-09T22:34:18","slug":"%f0%9f%a7%80-old-maastricht-pikant-de","status":"publish","type":"product","link":"https:\/\/www.kaashandelsauer.nl\/de\/winkel\/%f0%9f%a7%80-old-maastricht-pikant-de\/","title":{"rendered":"\ud83e\uddc0 Old Maastricht Pikant"},"content":{"rendered":"<p>Old Maastricht Pikant ist ein 11 Monate nat\u00fcrlich gereifter K\u00e4se mit Charakter. Durch die l\u00e4ngere Reifung entwickelt dieser K\u00e4se einen ausgepr\u00e4gten, kr\u00e4ftigen Geschmack mit einer sch\u00f6nen Balance zwischen w\u00fcrzig und voll. W\u00e4hrend des nat\u00fcrlichen Reifungsprozesses erh\u00e4lt der K\u00e4se seine feste Struktur und reichen Aromen. Sie schmecken sofort Tiefe: herzhaft, leicht salzig und mit einer angenehm pikanten Note, die langsam nachklingt. Dies ist ein K\u00e4se f\u00fcr den wahren Liebhaber.<\/p>\n<p>Geschmacksprofil<\/p>\n<p>Kr\u00e4ftig und voll<\/p>\n<p>Pikant und leicht w\u00fcrzig<\/p>\n<p>Feste, reife Struktur<\/p>\n<p>Langer, reicher Nachgeschmack<\/p>\n<p>Perfekt f\u00fcr<\/p>\n<p>Auf einer kr\u00e4ftigen K\u00e4seplatte<\/p>\n<p>In W\u00fcrfeln zu einem Glas Rotwein<\/p>\n<p>Gerieben \u00fcber warme Gerichte<\/p>\n<p>F\u00fcr alle, die echten Charakter lieben<\/p>\n<p>\u2713 Frisch vom Messer! Sofort vakuumverpackt<br \/>\n\u2713 K\u00e4sepapier standardm\u00e4\u00dfig gratis mitgeliefert<\/p>\n<p>Hinweis: K\u00e4se schneiden ist ein Handwerk. Wir halten eine Abweichung von circa 25 Gramm mehr oder weniger vom bestellten Gewicht ein.<\/p>\n","protected":false},"excerpt":{"rendered":"<p>Old Maastricht Pikant ist ein 11 Monate nat\u00fcrlich gereifter K\u00e4se mit Charakter. Durch die l\u00e4ngere Reifung entwickelt dieser K\u00e4se einen ausgepr\u00e4gten, kr\u00e4ftigen Geschmack mit einer sch\u00f6nen Balance zwischen w\u00fcrzig und voll.<\/p>\n","protected":false},"featured_media":5183,"comment_status":"open","ping_status":"closed","template":"","meta":{"site-sidebar-layout":"default","site-content-layout":"","ast-site-content-layout":"default","site-content-style":"default","site-sidebar-style":"default","ast-global-header-display":"","ast-banner-title-visibility":"","ast-main-header-display":"","ast-hfb-above-header-display":"","ast-hfb-below-header-display":"","ast-hfb-mobile-header-display":"","site-post-title":"","ast-breadcrumbs-content":"","ast-featured-img":"","footer-sml-layout":"","ast-disable-related-posts":"","theme-transparent-header-meta":"default","adv-header-id-meta":"","stick-header-meta":"","header-above-stick-meta":"","header-main-stick-meta":"","header-below-stick-meta":"","astra-migrate-meta-layouts":"set","ast-page-background-enabled":"default","ast-page-background-meta":{"desktop":{"background-color":"var(--ast-global-color-5)","background-image":"","background-repeat":"repeat","background-position":"center center","background-size":"auto","background-attachment":"scroll","background-type":"","background-media":"","overlay-type":"","overlay-color":"","overlay-opacity":"","overlay-gradient":""},"tablet":{"background-color":"","background-image":"","background-repeat":"repeat","background-position":"center center","background-size":"auto","background-attachment":"scroll","background-type":"","background-media":"","overlay-type":"","overlay-color":"","overlay-opacity":"","overlay-gradient":""},"mobile":{"background-color":"","background-image":"","background-repeat":"repeat","background-position":"center center","background-size":"auto","background-attachment":"scroll","background-type":"","background-media":"","overlay-type":"","overlay-color":"","overlay-opacity":"","overlay-gradient":""}},"ast-content-background-meta":{"desktop":{"background-color":"var(--ast-global-color-4)","background-image":"","background-repeat":"repeat","background-position":"center center","background-size":"auto","background-attachment":"scroll","background-type":"","background-media":"","overlay-type":"","overlay-color":"","overlay-opacity":"","overlay-gradient":""},"tablet":{"background-color":"var(--ast-global-color-4)","background-image":"","background-repeat":"repeat","background-position":"center center","background-size":"auto","background-attachment":"scroll","background-type":"","background-media":"","overlay-type":"","overlay-color":"","overlay-opacity":"","overlay-gradient":""},"mobile":{"background-color":"var(--ast-global-color-4)","background-image":"","background-repeat":"repeat","background-position":"center center","background-size":"auto","background-attachment":"scroll","background-type":"","background-media":"","overlay-type":"","overlay-color":"","overlay-opacity":"","overlay-gradient":""}}},"product_brand":[],"product_cat":[80],"product_tag":[],"class_list":{"0":"post-5257","1":"product","2":"type-product","3":"status-publish","4":"has-post-thumbnail","6":"product_cat-kaese","7":"desktop-align-left","8":"tablet-align-left","9":"mobile-align-left","10":"ast-product-gallery-layout-horizontal-slider","11":"ast-product-gallery-with-no-image","12":"ast-product-tabs-layout-horizontal","14":"first","15":"instock","16":"taxable","17":"shipping-taxable","18":"purchasable","19":"product-type-simple"},"yoast_head":"<!-- This site is optimized with the Yoast SEO plugin v27.4 - https:\/\/yoast.com\/product\/yoast-seo-wordpress\/ -->\n<title>\ud83e\uddc0 Old Maastricht Pikant - Kaashandel Sauer<\/title>\n<meta name=\"robots\" content=\"index, follow, max-snippet:-1, max-image-preview:large, max-video-preview:-1\" \/>\n<link rel=\"canonical\" href=\"https:\/\/www.kaashandelsauer.nl\/winkel\/\ud83e\uddc0-old-maastricht-pikant\/\" \/>\n<meta property=\"og:locale\" content=\"de_DE\" \/>\n<meta property=\"og:type\" content=\"article\" \/>\n<meta property=\"og:title\" content=\"\ud83e\uddc0 Old Maastricht Pikant - Kaashandel Sauer\" \/>\n<meta property=\"og:description\" content=\"Old Maastricht Pikant ist ein 11 Monate nat\u00fcrlich gereifter K\u00e4se mit Charakter. Durch die l\u00e4ngere Reifung entwickelt dieser K\u00e4se einen ausgepr\u00e4gten, kr\u00e4ftigen Geschmack mit einer sch\u00f6nen Balance zwischen w\u00fcrzig und voll.\" \/>\n<meta property=\"og:url\" content=\"https:\/\/www.kaashandelsauer.nl\/winkel\/\ud83e\uddc0-old-maastricht-pikant\/\" \/>\n<meta property=\"og:site_name\" content=\"Kaashandel Sauer\" \/>\n<meta name=\"twitter:card\" content=\"summary_large_image\" \/>\n<meta name=\"twitter:label1\" content=\"Gesch\u00e4tzte Lesezeit\" \/>\n\t<meta name=\"twitter:data1\" content=\"1\u00a0Minute\" \/>\n<script type=\"application\/ld+json\" class=\"yoast-schema-graph\">{\"@context\":\"https:\\\/\\\/schema.org\",\"@graph\":[{\"@type\":\"WebPage\",\"@id\":\"https:\\\/\\\/www.kaashandelsauer.nl\\\/winkel\\\/%f0%9f%a7%80-old-maastricht-pikant\\\/\",\"url\":\"https:\\\/\\\/www.kaashandelsauer.nl\\\/winkel\\\/%f0%9f%a7%80-old-maastricht-pikant\\\/\",\"name\":\"\ud83e\uddc0 Old Maastricht Pikant - Kaashandel Sauer\",\"isPartOf\":{\"@id\":\"https:\\\/\\\/www.kaashandelsauer.nl\\\/#website\"},\"primaryImageOfPage\":{\"@id\":\"https:\\\/\\\/www.kaashandelsauer.nl\\\/winkel\\\/%f0%9f%a7%80-old-maastricht-pikant\\\/#primaryimage\"},\"image\":{\"@id\":\"https:\\\/\\\/www.kaashandelsauer.nl\\\/winkel\\\/%f0%9f%a7%80-old-maastricht-pikant\\\/#primaryimage\"},\"thumbnailUrl\":\"https:\\\/\\\/www.kaashandelsauer.nl\\\/wp-content\\\/uploads\\\/PHOTO-2026-02-20-19-12-11-4.avif\",\"datePublished\":\"2026-03-09T22:34:18+00:00\",\"breadcrumb\":{\"@id\":\"https:\\\/\\\/www.kaashandelsauer.nl\\\/winkel\\\/%f0%9f%a7%80-old-maastricht-pikant\\\/#breadcrumb\"},\"inLanguage\":\"de\",\"potentialAction\":[{\"@type\":\"ReadAction\",\"target\":[\"https:\\\/\\\/www.kaashandelsauer.nl\\\/winkel\\\/%f0%9f%a7%80-old-maastricht-pikant\\\/\"]}]},{\"@type\":\"ImageObject\",\"inLanguage\":\"de\",\"@id\":\"https:\\\/\\\/www.kaashandelsauer.nl\\\/winkel\\\/%f0%9f%a7%80-old-maastricht-pikant\\\/#primaryimage\",\"url\":\"https:\\\/\\\/www.kaashandelsauer.nl\\\/wp-content\\\/uploads\\\/PHOTO-2026-02-20-19-12-11-4.avif\",\"contentUrl\":\"https:\\\/\\\/www.kaashandelsauer.nl\\\/wp-content\\\/uploads\\\/PHOTO-2026-02-20-19-12-11-4.avif\",\"width\":1455,\"height\":1600},{\"@type\":\"BreadcrumbList\",\"@id\":\"https:\\\/\\\/www.kaashandelsauer.nl\\\/winkel\\\/%f0%9f%a7%80-old-maastricht-pikant\\\/#breadcrumb\",\"itemListElement\":[{\"@type\":\"ListItem\",\"position\":1,\"name\":\"Home\",\"item\":\"https:\\\/\\\/www.kaashandelsauer.nl\\\/\"},{\"@type\":\"ListItem\",\"position\":2,\"name\":\"Shop\",\"item\":\"https:\\\/\\\/www.kaashandelsauer.nl\\\/shop-de\\\/\"},{\"@type\":\"ListItem\",\"position\":3,\"name\":\"\ud83e\uddc0 Old Maastricht Pikant\"}]},{\"@type\":\"WebSite\",\"@id\":\"https:\\\/\\\/www.kaashandelsauer.nl\\\/#website\",\"url\":\"https:\\\/\\\/www.kaashandelsauer.nl\\\/\",\"name\":\"Kaashandel Sauer\",\"description\":\"\",\"potentialAction\":[{\"@type\":\"SearchAction\",\"target\":{\"@type\":\"EntryPoint\",\"urlTemplate\":\"https:\\\/\\\/www.kaashandelsauer.nl\\\/?s={search_term_string}\"},\"query-input\":{\"@type\":\"PropertyValueSpecification\",\"valueRequired\":true,\"valueName\":\"search_term_string\"}}],\"inLanguage\":\"de\"}]}<\/script>\n<!-- \/ Yoast SEO plugin. -->","yoast_head_json":{"title":"\ud83e\uddc0 Old Maastricht Pikant - Kaashandel Sauer","robots":{"index":"index","follow":"follow","max-snippet":"max-snippet:-1","max-image-preview":"max-image-preview:large","max-video-preview":"max-video-preview:-1"},"canonical":"https:\/\/www.kaashandelsauer.nl\/winkel\/\ud83e\uddc0-old-maastricht-pikant\/","og_locale":"de_DE","og_type":"article","og_title":"\ud83e\uddc0 Old Maastricht Pikant - Kaashandel Sauer","og_description":"Old Maastricht Pikant ist ein 11 Monate nat\u00fcrlich gereifter K\u00e4se mit Charakter. Durch die l\u00e4ngere Reifung entwickelt dieser K\u00e4se einen ausgepr\u00e4gten, kr\u00e4ftigen Geschmack mit einer sch\u00f6nen Balance zwischen w\u00fcrzig und voll.","og_url":"https:\/\/www.kaashandelsauer.nl\/winkel\/\ud83e\uddc0-old-maastricht-pikant\/","og_site_name":"Kaashandel Sauer","twitter_card":"summary_large_image","twitter_misc":{"Gesch\u00e4tzte Lesezeit":"1\u00a0Minute"},"schema":{"@context":"https:\/\/schema.org","@graph":[{"@type":"WebPage","@id":"https:\/\/www.kaashandelsauer.nl\/winkel\/%f0%9f%a7%80-old-maastricht-pikant\/","url":"https:\/\/www.kaashandelsauer.nl\/winkel\/%f0%9f%a7%80-old-maastricht-pikant\/","name":"\ud83e\uddc0 Old Maastricht Pikant - Kaashandel Sauer","isPartOf":{"@id":"https:\/\/www.kaashandelsauer.nl\/#website"},"primaryImageOfPage":{"@id":"https:\/\/www.kaashandelsauer.nl\/winkel\/%f0%9f%a7%80-old-maastricht-pikant\/#primaryimage"},"image":{"@id":"https:\/\/www.kaashandelsauer.nl\/winkel\/%f0%9f%a7%80-old-maastricht-pikant\/#primaryimage"},"thumbnailUrl":"https:\/\/www.kaashandelsauer.nl\/wp-content\/uploads\/PHOTO-2026-02-20-19-12-11-4.avif","datePublished":"2026-03-09T22:34:18+00:00","breadcrumb":{"@id":"https:\/\/www.kaashandelsauer.nl\/winkel\/%f0%9f%a7%80-old-maastricht-pikant\/#breadcrumb"},"inLanguage":"de","potentialAction":[{"@type":"ReadAction","target":["https:\/\/www.kaashandelsauer.nl\/winkel\/%f0%9f%a7%80-old-maastricht-pikant\/"]}]},{"@type":"ImageObject","inLanguage":"de","@id":"https:\/\/www.kaashandelsauer.nl\/winkel\/%f0%9f%a7%80-old-maastricht-pikant\/#primaryimage","url":"https:\/\/www.kaashandelsauer.nl\/wp-content\/uploads\/PHOTO-2026-02-20-19-12-11-4.avif","contentUrl":"https:\/\/www.kaashandelsauer.nl\/wp-content\/uploads\/PHOTO-2026-02-20-19-12-11-4.avif","width":1455,"height":1600},{"@type":"BreadcrumbList","@id":"https:\/\/www.kaashandelsauer.nl\/winkel\/%f0%9f%a7%80-old-maastricht-pikant\/#breadcrumb","itemListElement":[{"@type":"ListItem","position":1,"name":"Home","item":"https:\/\/www.kaashandelsauer.nl\/"},{"@type":"ListItem","position":2,"name":"Shop","item":"https:\/\/www.kaashandelsauer.nl\/shop-de\/"},{"@type":"ListItem","position":3,"name":"\ud83e\uddc0 Old Maastricht Pikant"}]},{"@type":"WebSite","@id":"https:\/\/www.kaashandelsauer.nl\/#website","url":"https:\/\/www.kaashandelsauer.nl\/","name":"Kaashandel Sauer","description":"","potentialAction":[{"@type":"SearchAction","target":{"@type":"EntryPoint","urlTemplate":"https:\/\/www.kaashandelsauer.nl\/?s={search_term_string}"},"query-input":{"@type":"PropertyValueSpecification","valueRequired":true,"valueName":"search_term_string"}}],"inLanguage":"de"}]}},"jetpack_sharing_enabled":true,"_links":{"self":[{"href":"https:\/\/www.kaashandelsauer.nl\/de\/wp-json\/wp\/v2\/product\/5257","targetHints":{"allow":["GET"]}}],"collection":[{"href":"https:\/\/www.kaashandelsauer.nl\/de\/wp-json\/wp\/v2\/product"}],"about":[{"href":"https:\/\/www.kaashandelsauer.nl\/de\/wp-json\/wp\/v2\/types\/product"}],"replies":[{"embeddable":true,"href":"https:\/\/www.kaashandelsauer.nl\/de\/wp-json\/wp\/v2\/comments?post=5257"}],"wp:featuredmedia":[{"embeddable":true,"href":"https:\/\/www.kaashandelsauer.nl\/de\/wp-json\/wp\/v2\/media\/5183"}],"wp:attachment":[{"href":"https:\/\/www.kaashandelsauer.nl\/de\/wp-json\/wp\/v2\/media?parent=5257"}],"wp:term":[{"taxonomy":"product_brand","embeddable":true,"href":"https:\/\/www.kaashandelsauer.nl\/de\/wp-json\/wp\/v2\/product_brand?post=5257"},{"taxonomy":"product_cat","embeddable":true,"href":"https:\/\/www.kaashandelsauer.nl\/de\/wp-json\/wp\/v2\/product_cat?post=5257"},{"taxonomy":"product_tag","embeddable":true,"href":"https:\/\/www.kaashandelsauer.nl\/de\/wp-json\/wp\/v2\/product_tag?post=5257"}],"curies":[{"name":"wp","href":"https:\/\/api.w.org\/{rel}","templated":true}]}}