{"id":5260,"date":"2026-03-10T00:34:19","date_gmt":"2026-03-09T22:34:19","guid":{"rendered":"https:\/\/www.kaashandelsauer.nl\/winkel\/%f0%9f%a7%80%f0%9f%8c%b6%ef%b8%8f-jalapeno-krauterkase-de\/"},"modified":"2026-03-10T00:34:19","modified_gmt":"2026-03-09T22:34:19","slug":"%f0%9f%a7%80%f0%9f%8c%b6%ef%b8%8f-jalapeno-krauterkase-de","status":"publish","type":"product","link":"https:\/\/www.kaashandelsauer.nl\/de\/winkel\/%f0%9f%a7%80%f0%9f%8c%b6%ef%b8%8f-jalapeno-krauterkase-de\/","title":{"rendered":"\ud83e\uddc0\ud83c\udf36\ufe0f Jalape\u00f1o-Kr\u00e4uterk\u00e4se"},"content":{"rendered":"<p>F\u00fcr alle, die es gerne etwas sch\u00e4rfer m\u00f6gen: Dieser Jalape\u00f1o-Kr\u00e4uterk\u00e4se kombiniert cremigen, vollmundigen K\u00e4se mit dem frischen Charakter der Jalape\u00f1o-Schote. Das Ergebnis ist ein geschmeidiger K\u00e4se mit einem leicht scharfen Kick, der nicht dominiert, sondern wunderbar ausbalanciert ist. Die Cremigkeit des K\u00e4ses f\u00e4ngt die w\u00fcrzige Sch\u00e4rfe perfekt auf, sodass er zug\u00e4nglich und gleichzeitig aufregend bleibt. Ein echter Geschmacksgeber auf der K\u00e4seplatte oder als \u00fcberraschende Note auf dem Brot.<\/p>\n<p>Geschmacksprofil<\/p>\n<p>Cremig und voll<\/p>\n<p>Frisch-w\u00fcrzig<\/p>\n<p>Leicht scharfer Jalape\u00f1o-Kick<\/p>\n<p>Sch\u00f6ne Balance zwischen Cremigkeit und Sch\u00e4rfe<\/p>\n<p>Perfekt f\u00fcr<\/p>\n<p>Auf der K\u00e4seplatte<\/p>\n<p>In W\u00fcrfeln zu einem Craft-Bier<\/p>\n<p>Geschmolzen auf einem Burger oder Sandwich<\/p>\n<p>In einem Wrap oder einer Quesadilla<\/p>\n<p>\u2713 Frisch vom Messer! Sofort vakuumverpackt<br \/>\n\u2713 K\u00e4sepapier standardm\u00e4\u00dfig gratis mitgeliefert<\/p>\n<p>Hinweis: K\u00e4se schneiden ist ein Handwerk. Wir halten eine Abweichung von circa 25 Gramm mehr oder weniger vom bestellten Gewicht ein.<\/p>\n","protected":false},"excerpt":{"rendered":"<p>F\u00fcr alle, die es gerne etwas sch\u00e4rfer m\u00f6gen: Dieser Jalape\u00f1o-Kr\u00e4uterk\u00e4se kombiniert cremigen, vollmundigen K\u00e4se mit dem frischen Charakter der Jalape\u00f1o-Schote. Das Ergebnis ist ein geschmeidiger K\u00e4se mit einem leicht scharfen Kick, der nicht dominiert, sondern wunderbar ausbalanciert ist.<\/p>\n","protected":false},"featured_media":5185,"comment_status":"open","ping_status":"closed","template":"","meta":{"site-sidebar-layout":"default","site-content-layout":"","ast-site-content-layout":"default","site-content-style":"default","site-sidebar-style":"default","ast-global-header-display":"","ast-banner-title-visibility":"","ast-main-header-display":"","ast-hfb-above-header-display":"","ast-hfb-below-header-display":"","ast-hfb-mobile-header-display":"","site-post-title":"","ast-breadcrumbs-content":"","ast-featured-img":"","footer-sml-layout":"","ast-disable-related-posts":"","theme-transparent-header-meta":"default","adv-header-id-meta":"","stick-header-meta":"","header-above-stick-meta":"","header-main-stick-meta":"","header-below-stick-meta":"","astra-migrate-meta-layouts":"set","ast-page-background-enabled":"default","ast-page-background-meta":{"desktop":{"background-color":"var(--ast-global-color-5)","background-image":"","background-repeat":"repeat","background-position":"center center","background-size":"auto","background-attachment":"scroll","background-type":"","background-media":"","overlay-type":"","overlay-color":"","overlay-opacity":"","overlay-gradient":""},"tablet":{"background-color":"","background-image":"","background-repeat":"repeat","background-position":"center center","background-size":"auto","background-attachment":"scroll","background-type":"","background-media":"","overlay-type":"","overlay-color":"","overlay-opacity":"","overlay-gradient":""},"mobile":{"background-color":"","background-image":"","background-repeat":"repeat","background-position":"center center","background-size":"auto","background-attachment":"scroll","background-type":"","background-media":"","overlay-type":"","overlay-color":"","overlay-opacity":"","overlay-gradient":""}},"ast-content-background-meta":{"desktop":{"background-color":"var(--ast-global-color-4)","background-image":"","background-repeat":"repeat","background-position":"center center","background-size":"auto","background-attachment":"scroll","background-type":"","background-media":"","overlay-type":"","overlay-color":"","overlay-opacity":"","overlay-gradient":""},"tablet":{"background-color":"var(--ast-global-color-4)","background-image":"","background-repeat":"repeat","background-position":"center center","background-size":"auto","background-attachment":"scroll","background-type":"","background-media":"","overlay-type":"","overlay-color":"","overlay-opacity":"","overlay-gradient":""},"mobile":{"background-color":"var(--ast-global-color-4)","background-image":"","background-repeat":"repeat","background-position":"center center","background-size":"auto","background-attachment":"scroll","background-type":"","background-media":"","overlay-type":"","overlay-color":"","overlay-opacity":"","overlay-gradient":""}}},"product_brand":[],"product_cat":[80],"product_tag":[],"class_list":{"0":"post-5260","1":"product","2":"type-product","3":"status-publish","4":"has-post-thumbnail","6":"product_cat-kaese","7":"desktop-align-left","8":"tablet-align-left","9":"mobile-align-left","10":"ast-product-gallery-layout-horizontal-slider","11":"ast-product-gallery-with-no-image","12":"ast-product-tabs-layout-horizontal","14":"first","15":"instock","16":"taxable","17":"shipping-taxable","18":"purchasable","19":"product-type-simple"},"yoast_head":"<!-- This site is optimized with the Yoast SEO plugin v27.4 - https:\/\/yoast.com\/product\/yoast-seo-wordpress\/ -->\n<title>\ud83e\uddc0\ud83c\udf36\ufe0f Jalape\u00f1o-Kr\u00e4uterk\u00e4se - Kaashandel Sauer<\/title>\n<meta name=\"robots\" content=\"index, follow, max-snippet:-1, max-image-preview:large, max-video-preview:-1\" \/>\n<link rel=\"canonical\" href=\"https:\/\/www.kaashandelsauer.nl\/winkel\/\ud83e\uddc0\ud83c\udf36\ufe0f-jalapeno-kruidenkaas\/\" \/>\n<meta property=\"og:locale\" content=\"de_DE\" \/>\n<meta property=\"og:type\" content=\"article\" \/>\n<meta property=\"og:title\" content=\"\ud83e\uddc0\ud83c\udf36\ufe0f Jalape\u00f1o-Kr\u00e4uterk\u00e4se - Kaashandel Sauer\" \/>\n<meta property=\"og:description\" content=\"F\u00fcr alle, die es gerne etwas sch\u00e4rfer m\u00f6gen: Dieser Jalape\u00f1o-Kr\u00e4uterk\u00e4se kombiniert cremigen, vollmundigen K\u00e4se mit dem frischen Charakter der Jalape\u00f1o-Schote. Das Ergebnis ist ein geschmeidiger K\u00e4se mit einem leicht scharfen Kick, der nicht dominiert, sondern wunderbar ausbalanciert ist.\" \/>\n<meta property=\"og:url\" content=\"https:\/\/www.kaashandelsauer.nl\/winkel\/\ud83e\uddc0\ud83c\udf36\ufe0f-jalapeno-kruidenkaas\/\" \/>\n<meta property=\"og:site_name\" content=\"Kaashandel Sauer\" \/>\n<meta name=\"twitter:card\" content=\"summary_large_image\" \/>\n<meta name=\"twitter:label1\" content=\"Gesch\u00e4tzte Lesezeit\" \/>\n\t<meta name=\"twitter:data1\" content=\"1\u00a0Minute\" \/>\n<script type=\"application\/ld+json\" class=\"yoast-schema-graph\">{\"@context\":\"https:\\\/\\\/schema.org\",\"@graph\":[{\"@type\":\"WebPage\",\"@id\":\"https:\\\/\\\/www.kaashandelsauer.nl\\\/winkel\\\/%f0%9f%a7%80%f0%9f%8c%b6%ef%b8%8f-jalapeno-kruidenkaas\\\/\",\"url\":\"https:\\\/\\\/www.kaashandelsauer.nl\\\/winkel\\\/%f0%9f%a7%80%f0%9f%8c%b6%ef%b8%8f-jalapeno-kruidenkaas\\\/\",\"name\":\"\ud83e\uddc0\ud83c\udf36\ufe0f Jalape\u00f1o-Kr\u00e4uterk\u00e4se - Kaashandel Sauer\",\"isPartOf\":{\"@id\":\"https:\\\/\\\/www.kaashandelsauer.nl\\\/#website\"},\"primaryImageOfPage\":{\"@id\":\"https:\\\/\\\/www.kaashandelsauer.nl\\\/winkel\\\/%f0%9f%a7%80%f0%9f%8c%b6%ef%b8%8f-jalapeno-kruidenkaas\\\/#primaryimage\"},\"image\":{\"@id\":\"https:\\\/\\\/www.kaashandelsauer.nl\\\/winkel\\\/%f0%9f%a7%80%f0%9f%8c%b6%ef%b8%8f-jalapeno-kruidenkaas\\\/#primaryimage\"},\"thumbnailUrl\":\"https:\\\/\\\/www.kaashandelsauer.nl\\\/wp-content\\\/uploads\\\/PHOTO-2026-02-20-19-12-11-6.avif\",\"datePublished\":\"2026-03-09T22:34:19+00:00\",\"breadcrumb\":{\"@id\":\"https:\\\/\\\/www.kaashandelsauer.nl\\\/winkel\\\/%f0%9f%a7%80%f0%9f%8c%b6%ef%b8%8f-jalapeno-kruidenkaas\\\/#breadcrumb\"},\"inLanguage\":\"de\",\"potentialAction\":[{\"@type\":\"ReadAction\",\"target\":[\"https:\\\/\\\/www.kaashandelsauer.nl\\\/winkel\\\/%f0%9f%a7%80%f0%9f%8c%b6%ef%b8%8f-jalapeno-kruidenkaas\\\/\"]}]},{\"@type\":\"ImageObject\",\"inLanguage\":\"de\",\"@id\":\"https:\\\/\\\/www.kaashandelsauer.nl\\\/winkel\\\/%f0%9f%a7%80%f0%9f%8c%b6%ef%b8%8f-jalapeno-kruidenkaas\\\/#primaryimage\",\"url\":\"https:\\\/\\\/www.kaashandelsauer.nl\\\/wp-content\\\/uploads\\\/PHOTO-2026-02-20-19-12-11-6.avif\",\"contentUrl\":\"https:\\\/\\\/www.kaashandelsauer.nl\\\/wp-content\\\/uploads\\\/PHOTO-2026-02-20-19-12-11-6.avif\",\"width\":1574,\"height\":1599},{\"@type\":\"BreadcrumbList\",\"@id\":\"https:\\\/\\\/www.kaashandelsauer.nl\\\/winkel\\\/%f0%9f%a7%80%f0%9f%8c%b6%ef%b8%8f-jalapeno-kruidenkaas\\\/#breadcrumb\",\"itemListElement\":[{\"@type\":\"ListItem\",\"position\":1,\"name\":\"Home\",\"item\":\"https:\\\/\\\/www.kaashandelsauer.nl\\\/\"},{\"@type\":\"ListItem\",\"position\":2,\"name\":\"Shop\",\"item\":\"https:\\\/\\\/www.kaashandelsauer.nl\\\/shop-de\\\/\"},{\"@type\":\"ListItem\",\"position\":3,\"name\":\"\ud83e\uddc0\ud83c\udf36\ufe0f Jalape\u00f1o-Kr\u00e4uterk\u00e4se\"}]},{\"@type\":\"WebSite\",\"@id\":\"https:\\\/\\\/www.kaashandelsauer.nl\\\/#website\",\"url\":\"https:\\\/\\\/www.kaashandelsauer.nl\\\/\",\"name\":\"Kaashandel Sauer\",\"description\":\"\",\"potentialAction\":[{\"@type\":\"SearchAction\",\"target\":{\"@type\":\"EntryPoint\",\"urlTemplate\":\"https:\\\/\\\/www.kaashandelsauer.nl\\\/?s={search_term_string}\"},\"query-input\":{\"@type\":\"PropertyValueSpecification\",\"valueRequired\":true,\"valueName\":\"search_term_string\"}}],\"inLanguage\":\"de\"}]}<\/script>\n<!-- \/ Yoast SEO plugin. -->","yoast_head_json":{"title":"\ud83e\uddc0\ud83c\udf36\ufe0f Jalape\u00f1o-Kr\u00e4uterk\u00e4se - Kaashandel Sauer","robots":{"index":"index","follow":"follow","max-snippet":"max-snippet:-1","max-image-preview":"max-image-preview:large","max-video-preview":"max-video-preview:-1"},"canonical":"https:\/\/www.kaashandelsauer.nl\/winkel\/\ud83e\uddc0\ud83c\udf36\ufe0f-jalapeno-kruidenkaas\/","og_locale":"de_DE","og_type":"article","og_title":"\ud83e\uddc0\ud83c\udf36\ufe0f Jalape\u00f1o-Kr\u00e4uterk\u00e4se - Kaashandel Sauer","og_description":"F\u00fcr alle, die es gerne etwas sch\u00e4rfer m\u00f6gen: Dieser Jalape\u00f1o-Kr\u00e4uterk\u00e4se kombiniert cremigen, vollmundigen K\u00e4se mit dem frischen Charakter der Jalape\u00f1o-Schote. Das Ergebnis ist ein geschmeidiger K\u00e4se mit einem leicht scharfen Kick, der nicht dominiert, sondern wunderbar ausbalanciert ist.","og_url":"https:\/\/www.kaashandelsauer.nl\/winkel\/\ud83e\uddc0\ud83c\udf36\ufe0f-jalapeno-kruidenkaas\/","og_site_name":"Kaashandel Sauer","twitter_card":"summary_large_image","twitter_misc":{"Gesch\u00e4tzte Lesezeit":"1\u00a0Minute"},"schema":{"@context":"https:\/\/schema.org","@graph":[{"@type":"WebPage","@id":"https:\/\/www.kaashandelsauer.nl\/winkel\/%f0%9f%a7%80%f0%9f%8c%b6%ef%b8%8f-jalapeno-kruidenkaas\/","url":"https:\/\/www.kaashandelsauer.nl\/winkel\/%f0%9f%a7%80%f0%9f%8c%b6%ef%b8%8f-jalapeno-kruidenkaas\/","name":"\ud83e\uddc0\ud83c\udf36\ufe0f Jalape\u00f1o-Kr\u00e4uterk\u00e4se - Kaashandel Sauer","isPartOf":{"@id":"https:\/\/www.kaashandelsauer.nl\/#website"},"primaryImageOfPage":{"@id":"https:\/\/www.kaashandelsauer.nl\/winkel\/%f0%9f%a7%80%f0%9f%8c%b6%ef%b8%8f-jalapeno-kruidenkaas\/#primaryimage"},"image":{"@id":"https:\/\/www.kaashandelsauer.nl\/winkel\/%f0%9f%a7%80%f0%9f%8c%b6%ef%b8%8f-jalapeno-kruidenkaas\/#primaryimage"},"thumbnailUrl":"https:\/\/www.kaashandelsauer.nl\/wp-content\/uploads\/PHOTO-2026-02-20-19-12-11-6.avif","datePublished":"2026-03-09T22:34:19+00:00","breadcrumb":{"@id":"https:\/\/www.kaashandelsauer.nl\/winkel\/%f0%9f%a7%80%f0%9f%8c%b6%ef%b8%8f-jalapeno-kruidenkaas\/#breadcrumb"},"inLanguage":"de","potentialAction":[{"@type":"ReadAction","target":["https:\/\/www.kaashandelsauer.nl\/winkel\/%f0%9f%a7%80%f0%9f%8c%b6%ef%b8%8f-jalapeno-kruidenkaas\/"]}]},{"@type":"ImageObject","inLanguage":"de","@id":"https:\/\/www.kaashandelsauer.nl\/winkel\/%f0%9f%a7%80%f0%9f%8c%b6%ef%b8%8f-jalapeno-kruidenkaas\/#primaryimage","url":"https:\/\/www.kaashandelsauer.nl\/wp-content\/uploads\/PHOTO-2026-02-20-19-12-11-6.avif","contentUrl":"https:\/\/www.kaashandelsauer.nl\/wp-content\/uploads\/PHOTO-2026-02-20-19-12-11-6.avif","width":1574,"height":1599},{"@type":"BreadcrumbList","@id":"https:\/\/www.kaashandelsauer.nl\/winkel\/%f0%9f%a7%80%f0%9f%8c%b6%ef%b8%8f-jalapeno-kruidenkaas\/#breadcrumb","itemListElement":[{"@type":"ListItem","position":1,"name":"Home","item":"https:\/\/www.kaashandelsauer.nl\/"},{"@type":"ListItem","position":2,"name":"Shop","item":"https:\/\/www.kaashandelsauer.nl\/shop-de\/"},{"@type":"ListItem","position":3,"name":"\ud83e\uddc0\ud83c\udf36\ufe0f Jalape\u00f1o-Kr\u00e4uterk\u00e4se"}]},{"@type":"WebSite","@id":"https:\/\/www.kaashandelsauer.nl\/#website","url":"https:\/\/www.kaashandelsauer.nl\/","name":"Kaashandel Sauer","description":"","potentialAction":[{"@type":"SearchAction","target":{"@type":"EntryPoint","urlTemplate":"https:\/\/www.kaashandelsauer.nl\/?s={search_term_string}"},"query-input":{"@type":"PropertyValueSpecification","valueRequired":true,"valueName":"search_term_string"}}],"inLanguage":"de"}]}},"jetpack_sharing_enabled":true,"_links":{"self":[{"href":"https:\/\/www.kaashandelsauer.nl\/de\/wp-json\/wp\/v2\/product\/5260","targetHints":{"allow":["GET"]}}],"collection":[{"href":"https:\/\/www.kaashandelsauer.nl\/de\/wp-json\/wp\/v2\/product"}],"about":[{"href":"https:\/\/www.kaashandelsauer.nl\/de\/wp-json\/wp\/v2\/types\/product"}],"replies":[{"embeddable":true,"href":"https:\/\/www.kaashandelsauer.nl\/de\/wp-json\/wp\/v2\/comments?post=5260"}],"wp:featuredmedia":[{"embeddable":true,"href":"https:\/\/www.kaashandelsauer.nl\/de\/wp-json\/wp\/v2\/media\/5185"}],"wp:attachment":[{"href":"https:\/\/www.kaashandelsauer.nl\/de\/wp-json\/wp\/v2\/media?parent=5260"}],"wp:term":[{"taxonomy":"product_brand","embeddable":true,"href":"https:\/\/www.kaashandelsauer.nl\/de\/wp-json\/wp\/v2\/product_brand?post=5260"},{"taxonomy":"product_cat","embeddable":true,"href":"https:\/\/www.kaashandelsauer.nl\/de\/wp-json\/wp\/v2\/product_cat?post=5260"},{"taxonomy":"product_tag","embeddable":true,"href":"https:\/\/www.kaashandelsauer.nl\/de\/wp-json\/wp\/v2\/product_tag?post=5260"}],"curies":[{"name":"wp","href":"https:\/\/api.w.org\/{rel}","templated":true}]}}