{"id":5284,"date":"2026-03-10T00:34:22","date_gmt":"2026-03-09T22:34:22","guid":{"rendered":"https:\/\/www.kaashandelsauer.nl\/winkel\/limburger-nussmelange-kase-de\/"},"modified":"2026-03-10T00:34:22","modified_gmt":"2026-03-09T22:34:22","slug":"limburger-nussmelange-kase-de","status":"publish","type":"product","link":"https:\/\/www.kaashandelsauer.nl\/de\/winkel\/limburger-nussmelange-kase-de\/","title":{"rendered":"Limburger Nussm\u00e9lange-K\u00e4se"},"content":{"rendered":"<p>Handwerklicher Bauernhofk\u00e4se, verfeinert mit einer raffinierten Mischung sorgf\u00e4ltig ausgew\u00e4hlter N\u00fcsse. Dieser K\u00e4se verbindet ein kr\u00e4ftiges, gereiftes Geschmackserlebnis mit einem subtilen, knackigen Biss. Voll, cremig und charaktervoll \u2014 genau so, wie ein wahrer Liebhaber es sich w\u00fcnscht.<\/p>\n<p>Geschmackserlebnis<\/p>\n<p>Alter, voller und leicht pikanter Geschmack<\/p>\n<p>Cremig mit feinen Reifungskristallen<\/p>\n<p>Warme nussige Noten<\/p>\n<p>Subtiler Crunch durch die Nussmischung<\/p>\n<p>Gewicht \u00b1 460 Gramm<\/p>\n","protected":false},"excerpt":{"rendered":"<p>Handwerklicher Bauernhofk\u00e4se, verfeinert mit einer raffinierten Mischung sorgf\u00e4ltig ausgew\u00e4hlter N\u00fcsse. Dieser K\u00e4se verbindet ein kr\u00e4ftiges, gereiftes Geschmackserlebnis mit einem subtilen, knackigen Biss.<\/p>\n","protected":false},"featured_media":5107,"comment_status":"open","ping_status":"closed","template":"","meta":{"site-sidebar-layout":"default","site-content-layout":"","ast-site-content-layout":"default","site-content-style":"default","site-sidebar-style":"default","ast-global-header-display":"","ast-banner-title-visibility":"","ast-main-header-display":"","ast-hfb-above-header-display":"","ast-hfb-below-header-display":"","ast-hfb-mobile-header-display":"","site-post-title":"","ast-breadcrumbs-content":"","ast-featured-img":"","footer-sml-layout":"","ast-disable-related-posts":"","theme-transparent-header-meta":"default","adv-header-id-meta":"","stick-header-meta":"","header-above-stick-meta":"","header-main-stick-meta":"","header-below-stick-meta":"","astra-migrate-meta-layouts":"set","ast-page-background-enabled":"default","ast-page-background-meta":{"desktop":{"background-color":"var(--ast-global-color-5)","background-image":"","background-repeat":"repeat","background-position":"center center","background-size":"auto","background-attachment":"scroll","background-type":"","background-media":"","overlay-type":"","overlay-color":"","overlay-opacity":"","overlay-gradient":""},"tablet":{"background-color":"","background-image":"","background-repeat":"repeat","background-position":"center center","background-size":"auto","background-attachment":"scroll","background-type":"","background-media":"","overlay-type":"","overlay-color":"","overlay-opacity":"","overlay-gradient":""},"mobile":{"background-color":"","background-image":"","background-repeat":"repeat","background-position":"center center","background-size":"auto","background-attachment":"scroll","background-type":"","background-media":"","overlay-type":"","overlay-color":"","overlay-opacity":"","overlay-gradient":""}},"ast-content-background-meta":{"desktop":{"background-color":"var(--ast-global-color-4)","background-image":"","background-repeat":"repeat","background-position":"center center","background-size":"auto","background-attachment":"scroll","background-type":"","background-media":"","overlay-type":"","overlay-color":"","overlay-opacity":"","overlay-gradient":""},"tablet":{"background-color":"var(--ast-global-color-4)","background-image":"","background-repeat":"repeat","background-position":"center center","background-size":"auto","background-attachment":"scroll","background-type":"","background-media":"","overlay-type":"","overlay-color":"","overlay-opacity":"","overlay-gradient":""},"mobile":{"background-color":"var(--ast-global-color-4)","background-image":"","background-repeat":"repeat","background-position":"center center","background-size":"auto","background-attachment":"scroll","background-type":"","background-media":"","overlay-type":"","overlay-color":"","overlay-opacity":"","overlay-gradient":""}}},"product_brand":[],"product_cat":[80],"product_tag":[],"class_list":{"0":"post-5284","1":"product","2":"type-product","3":"status-publish","4":"has-post-thumbnail","6":"product_cat-kaese","7":"desktop-align-left","8":"tablet-align-left","9":"mobile-align-left","10":"ast-product-gallery-layout-horizontal-slider","11":"ast-product-gallery-with-no-image","12":"ast-product-tabs-layout-horizontal","14":"first","15":"instock","16":"taxable","17":"shipping-taxable","18":"purchasable","19":"product-type-simple"},"yoast_head":"<!-- This site is optimized with the Yoast SEO plugin v27.4 - https:\/\/yoast.com\/product\/yoast-seo-wordpress\/ -->\n<title>Limburger Nussm\u00e9lange-K\u00e4se - Kaashandel Sauer<\/title>\n<meta name=\"robots\" content=\"index, follow, max-snippet:-1, max-image-preview:large, max-video-preview:-1\" \/>\n<link rel=\"canonical\" href=\"https:\/\/www.kaashandelsauer.nl\/winkel\/limburgse-noten-melange-kaas\/\" \/>\n<meta property=\"og:locale\" content=\"de_DE\" \/>\n<meta property=\"og:type\" content=\"article\" \/>\n<meta property=\"og:title\" content=\"Limburger Nussm\u00e9lange-K\u00e4se - Kaashandel Sauer\" \/>\n<meta property=\"og:description\" content=\"Handwerklicher Bauernhofk\u00e4se, verfeinert mit einer raffinierten Mischung sorgf\u00e4ltig ausgew\u00e4hlter N\u00fcsse. Dieser K\u00e4se verbindet ein kr\u00e4ftiges, gereiftes Geschmackserlebnis mit einem subtilen, knackigen Biss.\" \/>\n<meta property=\"og:url\" content=\"https:\/\/www.kaashandelsauer.nl\/winkel\/limburgse-noten-melange-kaas\/\" \/>\n<meta property=\"og:site_name\" content=\"Kaashandel Sauer\" \/>\n<meta name=\"twitter:card\" content=\"summary_large_image\" \/>\n<meta name=\"twitter:label1\" content=\"Gesch\u00e4tzte Lesezeit\" \/>\n\t<meta name=\"twitter:data1\" content=\"1\u00a0Minute\" \/>\n<script type=\"application\/ld+json\" class=\"yoast-schema-graph\">{\"@context\":\"https:\\\/\\\/schema.org\",\"@graph\":[{\"@type\":\"WebPage\",\"@id\":\"https:\\\/\\\/www.kaashandelsauer.nl\\\/winkel\\\/limburgse-noten-melange-kaas\\\/\",\"url\":\"https:\\\/\\\/www.kaashandelsauer.nl\\\/winkel\\\/limburgse-noten-melange-kaas\\\/\",\"name\":\"Limburger Nussm\u00e9lange-K\u00e4se - Kaashandel Sauer\",\"isPartOf\":{\"@id\":\"https:\\\/\\\/www.kaashandelsauer.nl\\\/#website\"},\"primaryImageOfPage\":{\"@id\":\"https:\\\/\\\/www.kaashandelsauer.nl\\\/winkel\\\/limburgse-noten-melange-kaas\\\/#primaryimage\"},\"image\":{\"@id\":\"https:\\\/\\\/www.kaashandelsauer.nl\\\/winkel\\\/limburgse-noten-melange-kaas\\\/#primaryimage\"},\"thumbnailUrl\":\"https:\\\/\\\/www.kaashandelsauer.nl\\\/wp-content\\\/uploads\\\/IMG_5360-1-scaled.avif\",\"datePublished\":\"2026-03-09T22:34:22+00:00\",\"breadcrumb\":{\"@id\":\"https:\\\/\\\/www.kaashandelsauer.nl\\\/winkel\\\/limburgse-noten-melange-kaas\\\/#breadcrumb\"},\"inLanguage\":\"de\",\"potentialAction\":[{\"@type\":\"ReadAction\",\"target\":[\"https:\\\/\\\/www.kaashandelsauer.nl\\\/winkel\\\/limburgse-noten-melange-kaas\\\/\"]}]},{\"@type\":\"ImageObject\",\"inLanguage\":\"de\",\"@id\":\"https:\\\/\\\/www.kaashandelsauer.nl\\\/winkel\\\/limburgse-noten-melange-kaas\\\/#primaryimage\",\"url\":\"https:\\\/\\\/www.kaashandelsauer.nl\\\/wp-content\\\/uploads\\\/IMG_5360-1-scaled.avif\",\"contentUrl\":\"https:\\\/\\\/www.kaashandelsauer.nl\\\/wp-content\\\/uploads\\\/IMG_5360-1-scaled.avif\",\"width\":1920,\"height\":2560},{\"@type\":\"BreadcrumbList\",\"@id\":\"https:\\\/\\\/www.kaashandelsauer.nl\\\/winkel\\\/limburgse-noten-melange-kaas\\\/#breadcrumb\",\"itemListElement\":[{\"@type\":\"ListItem\",\"position\":1,\"name\":\"Home\",\"item\":\"https:\\\/\\\/www.kaashandelsauer.nl\\\/\"},{\"@type\":\"ListItem\",\"position\":2,\"name\":\"Shop\",\"item\":\"https:\\\/\\\/www.kaashandelsauer.nl\\\/shop-de\\\/\"},{\"@type\":\"ListItem\",\"position\":3,\"name\":\"Limburger Nussm\u00e9lange-K\u00e4se\"}]},{\"@type\":\"WebSite\",\"@id\":\"https:\\\/\\\/www.kaashandelsauer.nl\\\/#website\",\"url\":\"https:\\\/\\\/www.kaashandelsauer.nl\\\/\",\"name\":\"Kaashandel Sauer\",\"description\":\"\",\"potentialAction\":[{\"@type\":\"SearchAction\",\"target\":{\"@type\":\"EntryPoint\",\"urlTemplate\":\"https:\\\/\\\/www.kaashandelsauer.nl\\\/?s={search_term_string}\"},\"query-input\":{\"@type\":\"PropertyValueSpecification\",\"valueRequired\":true,\"valueName\":\"search_term_string\"}}],\"inLanguage\":\"de\"}]}<\/script>\n<!-- \/ Yoast SEO plugin. -->","yoast_head_json":{"title":"Limburger Nussm\u00e9lange-K\u00e4se - Kaashandel Sauer","robots":{"index":"index","follow":"follow","max-snippet":"max-snippet:-1","max-image-preview":"max-image-preview:large","max-video-preview":"max-video-preview:-1"},"canonical":"https:\/\/www.kaashandelsauer.nl\/winkel\/limburgse-noten-melange-kaas\/","og_locale":"de_DE","og_type":"article","og_title":"Limburger Nussm\u00e9lange-K\u00e4se - Kaashandel Sauer","og_description":"Handwerklicher Bauernhofk\u00e4se, verfeinert mit einer raffinierten Mischung sorgf\u00e4ltig ausgew\u00e4hlter N\u00fcsse. Dieser K\u00e4se verbindet ein kr\u00e4ftiges, gereiftes Geschmackserlebnis mit einem subtilen, knackigen Biss.","og_url":"https:\/\/www.kaashandelsauer.nl\/winkel\/limburgse-noten-melange-kaas\/","og_site_name":"Kaashandel Sauer","twitter_card":"summary_large_image","twitter_misc":{"Gesch\u00e4tzte Lesezeit":"1\u00a0Minute"},"schema":{"@context":"https:\/\/schema.org","@graph":[{"@type":"WebPage","@id":"https:\/\/www.kaashandelsauer.nl\/winkel\/limburgse-noten-melange-kaas\/","url":"https:\/\/www.kaashandelsauer.nl\/winkel\/limburgse-noten-melange-kaas\/","name":"Limburger Nussm\u00e9lange-K\u00e4se - Kaashandel Sauer","isPartOf":{"@id":"https:\/\/www.kaashandelsauer.nl\/#website"},"primaryImageOfPage":{"@id":"https:\/\/www.kaashandelsauer.nl\/winkel\/limburgse-noten-melange-kaas\/#primaryimage"},"image":{"@id":"https:\/\/www.kaashandelsauer.nl\/winkel\/limburgse-noten-melange-kaas\/#primaryimage"},"thumbnailUrl":"https:\/\/www.kaashandelsauer.nl\/wp-content\/uploads\/IMG_5360-1-scaled.avif","datePublished":"2026-03-09T22:34:22+00:00","breadcrumb":{"@id":"https:\/\/www.kaashandelsauer.nl\/winkel\/limburgse-noten-melange-kaas\/#breadcrumb"},"inLanguage":"de","potentialAction":[{"@type":"ReadAction","target":["https:\/\/www.kaashandelsauer.nl\/winkel\/limburgse-noten-melange-kaas\/"]}]},{"@type":"ImageObject","inLanguage":"de","@id":"https:\/\/www.kaashandelsauer.nl\/winkel\/limburgse-noten-melange-kaas\/#primaryimage","url":"https:\/\/www.kaashandelsauer.nl\/wp-content\/uploads\/IMG_5360-1-scaled.avif","contentUrl":"https:\/\/www.kaashandelsauer.nl\/wp-content\/uploads\/IMG_5360-1-scaled.avif","width":1920,"height":2560},{"@type":"BreadcrumbList","@id":"https:\/\/www.kaashandelsauer.nl\/winkel\/limburgse-noten-melange-kaas\/#breadcrumb","itemListElement":[{"@type":"ListItem","position":1,"name":"Home","item":"https:\/\/www.kaashandelsauer.nl\/"},{"@type":"ListItem","position":2,"name":"Shop","item":"https:\/\/www.kaashandelsauer.nl\/shop-de\/"},{"@type":"ListItem","position":3,"name":"Limburger Nussm\u00e9lange-K\u00e4se"}]},{"@type":"WebSite","@id":"https:\/\/www.kaashandelsauer.nl\/#website","url":"https:\/\/www.kaashandelsauer.nl\/","name":"Kaashandel Sauer","description":"","potentialAction":[{"@type":"SearchAction","target":{"@type":"EntryPoint","urlTemplate":"https:\/\/www.kaashandelsauer.nl\/?s={search_term_string}"},"query-input":{"@type":"PropertyValueSpecification","valueRequired":true,"valueName":"search_term_string"}}],"inLanguage":"de"}]}},"jetpack_sharing_enabled":true,"_links":{"self":[{"href":"https:\/\/www.kaashandelsauer.nl\/de\/wp-json\/wp\/v2\/product\/5284","targetHints":{"allow":["GET"]}}],"collection":[{"href":"https:\/\/www.kaashandelsauer.nl\/de\/wp-json\/wp\/v2\/product"}],"about":[{"href":"https:\/\/www.kaashandelsauer.nl\/de\/wp-json\/wp\/v2\/types\/product"}],"replies":[{"embeddable":true,"href":"https:\/\/www.kaashandelsauer.nl\/de\/wp-json\/wp\/v2\/comments?post=5284"}],"wp:featuredmedia":[{"embeddable":true,"href":"https:\/\/www.kaashandelsauer.nl\/de\/wp-json\/wp\/v2\/media\/5107"}],"wp:attachment":[{"href":"https:\/\/www.kaashandelsauer.nl\/de\/wp-json\/wp\/v2\/media?parent=5284"}],"wp:term":[{"taxonomy":"product_brand","embeddable":true,"href":"https:\/\/www.kaashandelsauer.nl\/de\/wp-json\/wp\/v2\/product_brand?post=5284"},{"taxonomy":"product_cat","embeddable":true,"href":"https:\/\/www.kaashandelsauer.nl\/de\/wp-json\/wp\/v2\/product_cat?post=5284"},{"taxonomy":"product_tag","embeddable":true,"href":"https:\/\/www.kaashandelsauer.nl\/de\/wp-json\/wp\/v2\/product_tag?post=5284"}],"curies":[{"name":"wp","href":"https:\/\/api.w.org\/{rel}","templated":true}]}}