{"id":5329,"date":"2025-03-31T16:43:57","date_gmt":"2025-03-31T14:43:57","guid":{"rendered":"https:\/\/www.kaashandelsauer.nl\/a-propos\/"},"modified":"2026-03-10T01:57:58","modified_gmt":"2026-03-09T23:57:58","slug":"a-propos","status":"publish","type":"page","link":"https:\/\/www.kaashandelsauer.nl\/fr\/a-propos\/","title":{"rendered":"\u00c0 propos"},"content":{"rendered":"\t\t<div data-elementor-type=\"wp-page\" data-elementor-id=\"5329\" class=\"elementor elementor-5329 elementor-4115\" data-elementor-post-type=\"page\">\n\t\t\t\t<div class=\"elementor-element elementor-element-6bc4af7d e-flex e-con-boxed e-con e-parent\" data-id=\"6bc4af7d\" data-element_type=\"container\" data-e-type=\"container\" data-settings=\"{&quot;background_background&quot;:&quot;classic&quot;}\">\n\t\t\t\t\t<div class=\"e-con-inner\">\n\t\t\t\t<div class=\"elementor-element elementor-element-40db5af0 elementor-widget elementor-widget-spacer\" data-id=\"40db5af0\" data-element_type=\"widget\" data-e-type=\"widget\" data-widget_type=\"spacer.default\">\n\t\t\t\t<div class=\"elementor-widget-container\">\n\t\t\t\t\t\t\t<div class=\"elementor-spacer\">\n\t\t\t<div class=\"elementor-spacer-inner\"><\/div>\n\t\t<\/div>\n\t\t\t\t\t\t<\/div>\n\t\t\t\t<\/div>\n\t\t\t\t<div class=\"elementor-element elementor-element-33c2041b elementor-widget elementor-widget-heading\" data-id=\"33c2041b\" data-element_type=\"widget\" data-e-type=\"widget\" data-widget_type=\"heading.default\">\n\t\t\t\t<div class=\"elementor-widget-container\">\n\t\t\t\t\t<h4 class=\"elementor-heading-title elementor-size-default\">\u00c0 Propos<\/h4>\t\t\t\t<\/div>\n\t\t\t\t<\/div>\n\t\t\t\t<div class=\"elementor-element elementor-element-1e012402 elementor-widget__width-initial elementor-widget-tablet__width-initial elementor-widget-mobile__width-inherit elementor-widget elementor-widget-heading\" data-id=\"1e012402\" data-element_type=\"widget\" data-e-type=\"widget\" data-widget_type=\"heading.default\">\n\t\t\t\t<div class=\"elementor-widget-container\">\n\t\t\t\t\t<h1 class=\"elementor-heading-title elementor-size-default\">O\u00f9 Saveur et Tradition se Rencontrent<\/h1>\t\t\t\t<\/div>\n\t\t\t\t<\/div>\n\t\t\t\t<div class=\"elementor-element elementor-element-735165f0 elementor-widget__width-initial elementor-widget-mobile__width-inherit elementor-widget elementor-widget-text-editor\" data-id=\"735165f0\" data-element_type=\"widget\" data-e-type=\"widget\" data-widget_type=\"text-editor.default\">\n\t\t\t\t<div class=\"elementor-widget-container\">\n\t\t\t\t\t\t\t\t\t<p class=\"p1\">Sept jours sur sept au march\u00e9 de Maastricht, le jeudi \u00e0 Meerssen et le samedi \u00e0 Sittard<\/p>\t\t\t\t\t\t\t\t<\/div>\n\t\t\t\t<\/div>\n\t\t\t\t\t<\/div>\n\t\t\t\t<\/div>\n\t\t<div class=\"elementor-element elementor-element-14dd146a e-flex e-con-boxed e-con e-parent\" data-id=\"14dd146a\" data-element_type=\"container\" data-e-type=\"container\" data-settings=\"{&quot;background_background&quot;:&quot;classic&quot;}\">\n\t\t\t\t\t<div class=\"e-con-inner\">\n\t\t<div class=\"elementor-element elementor-element-2917ec94 e-con-full e-flex e-con e-child\" data-id=\"2917ec94\" data-element_type=\"container\" data-e-type=\"container\">\n\t\t\t\t<div class=\"elementor-element elementor-element-610d98ab elementor-widget__width-initial elementor-widget-mobile__width-initial elementor-widget elementor-widget-image\" data-id=\"610d98ab\" data-element_type=\"widget\" data-e-type=\"widget\" data-widget_type=\"image.default\">\n\t\t\t\t<div class=\"elementor-widget-container\">\n\t\t\t\t\t\t\t\t\t\t\t\t\t\t\t<img fetchpriority=\"high\" decoding=\"async\" width=\"768\" height=\"1024\" src=\"https:\/\/www.kaashandelsauer.nl\/wp-content\/uploads\/WhatsApp-Image-2020-04-22-at-15.38.48-768x1024.jpeg\" class=\"attachment-large size-large wp-image-2682\" alt=\"\" srcset=\"https:\/\/www.kaashandelsauer.nl\/wp-content\/uploads\/WhatsApp-Image-2020-04-22-at-15.38.48-768x1024.jpeg 768w, https:\/\/www.kaashandelsauer.nl\/wp-content\/uploads\/WhatsApp-Image-2020-04-22-at-15.38.48-225x300.jpeg 225w, https:\/\/www.kaashandelsauer.nl\/wp-content\/uploads\/WhatsApp-Image-2020-04-22-at-15.38.48-1152x1536.jpeg 1152w, https:\/\/www.kaashandelsauer.nl\/wp-content\/uploads\/WhatsApp-Image-2020-04-22-at-15.38.48-600x800.jpeg 600w, https:\/\/www.kaashandelsauer.nl\/wp-content\/uploads\/WhatsApp-Image-2020-04-22-at-15.38.48.jpeg 1200w\" sizes=\"(max-width: 768px) 100vw, 768px\" \/>\t\t\t\t\t\t\t\t\t\t\t\t\t\t\t<\/div>\n\t\t\t\t<\/div>\n\t\t\t\t<div class=\"elementor-element elementor-element-659874a6 elementor-widget__width-initial elementor-widget-mobile__width-initial elementor-widget elementor-widget-image\" data-id=\"659874a6\" data-element_type=\"widget\" data-e-type=\"widget\" data-widget_type=\"image.default\">\n\t\t\t\t<div class=\"elementor-widget-container\">\n\t\t\t\t\t\t\t\t\t\t\t\t\t\t\t<img decoding=\"async\" width=\"1024\" height=\"1024\" src=\"https:\/\/www.kaashandelsauer.nl\/wp-content\/uploads\/440575773_122110835606286278_42545323325256657_n.jpg\" class=\"attachment-large size-large wp-image-5363\" alt=\"\" \/>\t\t\t\t\t\t\t\t\t\t\t\t\t\t\t<\/div>\n\t\t\t\t<\/div>\n\t\t\t\t<\/div>\n\t\t<div class=\"elementor-element elementor-element-c673f11 e-con-full e-flex e-con e-child\" data-id=\"c673f11\" data-element_type=\"container\" data-e-type=\"container\">\n\t\t\t\t<div class=\"elementor-element elementor-element-b99ca0 elementor-widget elementor-widget-heading\" data-id=\"b99ca0\" data-element_type=\"widget\" data-e-type=\"widget\" data-widget_type=\"heading.default\">\n\t\t\t\t<div class=\"elementor-widget-container\">\n\t\t\t\t\t<h4 class=\"elementor-heading-title elementor-size-default\">\u00c0 propos de Kaashandel Sauer<\/h4>\t\t\t\t<\/div>\n\t\t\t\t<\/div>\n\t\t\t\t<div class=\"elementor-element elementor-element-175854c3 elementor-widget elementor-widget-heading\" data-id=\"175854c3\" data-element_type=\"widget\" data-e-type=\"widget\" data-widget_type=\"heading.default\">\n\t\t\t\t<div class=\"elementor-widget-container\">\n\t\t\t\t\t<h2 class=\"elementor-heading-title elementor-size-default\">Les meilleurs fromages des Pays-Bas<\/h2>\t\t\t\t<\/div>\n\t\t\t\t<\/div>\n\t\t\t\t<div class=\"elementor-element elementor-element-7b9ba4d elementor-widget elementor-widget-text-editor\" data-id=\"7b9ba4d\" data-element_type=\"widget\" data-e-type=\"widget\" data-widget_type=\"text-editor.default\">\n\t\t\t\t<div class=\"elementor-widget-container\">\n\t\t\t\t\t\t\t\t\t<p>Sept jours sur sept au march\u00e9 \u2013 chaque jeudi au Meerssen \u00e0 Maastricht et le samedi au march\u00e9 de Sittard \u2013 nous vous proposons chez Kaashandel Sauer les meilleurs fromages. En plus du gouda jeune cr\u00e9meux et du fromage vieux relev\u00e9, vous trouverez chez nous en exclusivit\u00e9 l\u2019authentique Old Maastricht. Directement de la ferme, soigneusement s\u00e9lectionn\u00e9 et coup\u00e9 frais pour vous. N\u2019h\u00e9sitez pas \u00e0 passer, go\u00fbtez un morceau et d\u00e9couvrez pourquoi les amateurs de fromage reviennent toujours chez nous\u00a0!<\/p>\t\t\t\t\t\t\t\t<\/div>\n\t\t\t\t<\/div>\n\t\t\t\t<\/div>\n\t\t\t\t\t<\/div>\n\t\t\t\t<\/div>\n\t\t<div class=\"elementor-element elementor-element-61168310 e-flex e-con-boxed e-con e-parent\" data-id=\"61168310\" data-element_type=\"container\" data-e-type=\"container\" data-settings=\"{&quot;background_background&quot;:&quot;classic&quot;}\">\n\t\t\t\t\t<div class=\"e-con-inner\">\n\t\t\t\t<div class=\"elementor-element elementor-element-7b6d5211 elementor-widget elementor-widget-spacer\" data-id=\"7b6d5211\" data-element_type=\"widget\" data-e-type=\"widget\" data-widget_type=\"spacer.default\">\n\t\t\t\t<div class=\"elementor-widget-container\">\n\t\t\t\t\t\t\t<div class=\"elementor-spacer\">\n\t\t\t<div class=\"elementor-spacer-inner\"><\/div>\n\t\t<\/div>\n\t\t\t\t\t\t<\/div>\n\t\t\t\t<\/div>\n\t\t<div class=\"elementor-element elementor-element-47ca9ea6 e-con-full e-flex e-con e-child\" data-id=\"47ca9ea6\" data-element_type=\"container\" data-e-type=\"container\">\n\t\t\t\t<div class=\"elementor-element elementor-element-362f0f3b elementor-widget elementor-widget-heading\" data-id=\"362f0f3b\" data-element_type=\"widget\" data-e-type=\"widget\" data-widget_type=\"heading.default\">\n\t\t\t\t<div class=\"elementor-widget-container\">\n\t\t\t\t\t<h4 class=\"elementor-heading-title elementor-size-default\">Nos march\u00e9s<\/h4>\t\t\t\t<\/div>\n\t\t\t\t<\/div>\n\t\t\t\t<div class=\"elementor-element elementor-element-3f1a9553 elementor-widget elementor-widget-heading\" data-id=\"3f1a9553\" data-element_type=\"widget\" data-e-type=\"widget\" data-widget_type=\"heading.default\">\n\t\t\t\t<div class=\"elementor-widget-container\">\n\t\t\t\t\t<h2 class=\"elementor-heading-title elementor-size-default\">Du Fromage Frais Chaque Jour<\/h2>\t\t\t\t<\/div>\n\t\t\t\t<\/div>\n\t\t\t\t<div class=\"elementor-element elementor-element-56936dd7 elementor-widget elementor-widget-text-editor\" data-id=\"56936dd7\" data-element_type=\"widget\" data-e-type=\"widget\" data-widget_type=\"text-editor.default\">\n\t\t\t\t<div class=\"elementor-widget-container\">\n\t\t\t\t\t\t\t\t\t<p>Nous sommes pr\u00e9sents sept jours sur sept au march\u00e9<\/p>\t\t\t\t\t\t\t\t<\/div>\n\t\t\t\t<\/div>\n\t\t\t\t<\/div>\n\t\t<div class=\"elementor-element elementor-element-f0153d2 e-grid e-con-full e-con e-child\" data-id=\"f0153d2\" data-element_type=\"container\" data-e-type=\"container\">\n\t\t<a class=\"elementor-element elementor-element-b18ce3d e-con-full e-flex e-con e-child\" data-id=\"b18ce3d\" data-element_type=\"container\" data-e-type=\"container\" href=\"https:\/\/maps.app.goo.gl\/ZTi3XqEuQVN4ATxk8\" target=\"_blank\">\n\t\t\t\t<div class=\"elementor-element elementor-element-58d30e3 elementor-widget elementor-widget-image\" data-id=\"58d30e3\" data-element_type=\"widget\" data-e-type=\"widget\" data-widget_type=\"image.default\">\n\t\t\t\t<div class=\"elementor-widget-container\">\n\t\t\t\t\t\t\t\t\t\t\t\t\t\t\t<img decoding=\"async\" width=\"500\" height=\"398\" src=\"https:\/\/www.kaashandelsauer.nl\/wp-content\/uploads\/maastricht.jpg\" class=\"attachment-full size-full wp-image-5367\" alt=\"Kaashandel Sauer Maastricht\" \/>\t\t\t\t\t\t\t\t\t\t\t\t\t\t\t<\/div>\n\t\t\t\t<\/div>\n\t\t\t\t<div class=\"elementor-element elementor-element-db23c2a elementor-widget elementor-widget-heading\" data-id=\"db23c2a\" data-element_type=\"widget\" data-e-type=\"widget\" data-widget_type=\"heading.default\">\n\t\t\t\t<div class=\"elementor-widget-container\">\n\t\t\t\t\t<h4 class=\"elementor-heading-title elementor-size-default\">Maastricht<\/h4>\t\t\t\t<\/div>\n\t\t\t\t<\/div>\n\t\t\t\t<div class=\"elementor-element elementor-element-fc533c2 elementor-widget elementor-widget-text-editor\" data-id=\"fc533c2\" data-element_type=\"widget\" data-e-type=\"widget\" data-widget_type=\"text-editor.default\">\n\t\t\t\t<div class=\"elementor-widget-container\">\n\t\t\t\t\t\t\t\t\t<p>7 jours sur 7<\/p>\t\t\t\t\t\t\t\t<\/div>\n\t\t\t\t<\/div>\n\t\t\t\t<\/a>\n\t\t<a class=\"elementor-element elementor-element-fe91e79 e-con-full e-flex e-con e-child\" data-id=\"fe91e79\" data-element_type=\"container\" data-e-type=\"container\" href=\"https:\/\/maps.app.goo.gl\/YXEa473hcgSYjwmi8\" target=\"_blank\">\n\t\t\t\t<div class=\"elementor-element elementor-element-1eddd46 elementor-widget elementor-widget-image\" data-id=\"1eddd46\" data-element_type=\"widget\" data-e-type=\"widget\" data-widget_type=\"image.default\">\n\t\t\t\t<div class=\"elementor-widget-container\">\n\t\t\t\t\t\t\t\t\t\t\t\t\t\t\t<img loading=\"lazy\" decoding=\"async\" width=\"1000\" height=\"796\" src=\"https:\/\/www.kaashandelsauer.nl\/wp-content\/uploads\/meerssen.png\" class=\"attachment-full size-full wp-image-5368\" alt=\"Kaashandel Sauer Meerssen\" \/>\t\t\t\t\t\t\t\t\t\t\t\t\t\t\t<\/div>\n\t\t\t\t<\/div>\n\t\t\t\t<div class=\"elementor-element elementor-element-72ff992 elementor-widget elementor-widget-heading\" data-id=\"72ff992\" data-element_type=\"widget\" data-e-type=\"widget\" data-widget_type=\"heading.default\">\n\t\t\t\t<div class=\"elementor-widget-container\">\n\t\t\t\t\t<h4 class=\"elementor-heading-title elementor-size-default\">Meerssen<\/h4>\t\t\t\t<\/div>\n\t\t\t\t<\/div>\n\t\t\t\t<div class=\"elementor-element elementor-element-a6fc979 elementor-widget elementor-widget-text-editor\" data-id=\"a6fc979\" data-element_type=\"widget\" data-e-type=\"widget\" data-widget_type=\"text-editor.default\">\n\t\t\t\t<div class=\"elementor-widget-container\">\n\t\t\t\t\t\t\t\t\t<p>Jeudi<\/p>\t\t\t\t\t\t\t\t<\/div>\n\t\t\t\t<\/div>\n\t\t\t\t<\/a>\n\t\t<a class=\"elementor-element elementor-element-1c380ea e-con-full e-flex e-con e-child\" data-id=\"1c380ea\" data-element_type=\"container\" data-e-type=\"container\" href=\"https:\/\/maps.app.goo.gl\/kcMHkcb8w5aQC8Sv6\" target=\"_blank\">\n\t\t\t\t<div class=\"elementor-element elementor-element-9e7c60d elementor-widget elementor-widget-image\" data-id=\"9e7c60d\" data-element_type=\"widget\" data-e-type=\"widget\" data-widget_type=\"image.default\">\n\t\t\t\t<div class=\"elementor-widget-container\">\n\t\t\t\t\t\t\t\t\t\t\t\t\t\t\t<img loading=\"lazy\" decoding=\"async\" width=\"500\" height=\"398\" src=\"https:\/\/www.kaashandelsauer.nl\/wp-content\/uploads\/sittard.jpg\" class=\"attachment-full size-full wp-image-5366\" alt=\"Kaashandel Sauer Sittard\" \/>\t\t\t\t\t\t\t\t\t\t\t\t\t\t\t<\/div>\n\t\t\t\t<\/div>\n\t\t\t\t<div class=\"elementor-element elementor-element-ab9e545 elementor-widget elementor-widget-heading\" data-id=\"ab9e545\" data-element_type=\"widget\" data-e-type=\"widget\" data-widget_type=\"heading.default\">\n\t\t\t\t<div class=\"elementor-widget-container\">\n\t\t\t\t\t<h4 class=\"elementor-heading-title elementor-size-default\">Sittard<\/h4>\t\t\t\t<\/div>\n\t\t\t\t<\/div>\n\t\t\t\t<div class=\"elementor-element elementor-element-5db4bad elementor-widget elementor-widget-text-editor\" data-id=\"5db4bad\" data-element_type=\"widget\" data-e-type=\"widget\" data-widget_type=\"text-editor.default\">\n\t\t\t\t<div class=\"elementor-widget-container\">\n\t\t\t\t\t\t\t\t\t<p>Samedi<\/p>\t\t\t\t\t\t\t\t<\/div>\n\t\t\t\t<\/div>\n\t\t\t\t<\/a>\n\t\t\t\t<\/div>\n\t\t\t\t<div class=\"elementor-element elementor-element-106b98e elementor-widget elementor-widget-spacer\" data-id=\"106b98e\" data-element_type=\"widget\" data-e-type=\"widget\" data-widget_type=\"spacer.default\">\n\t\t\t\t<div class=\"elementor-widget-container\">\n\t\t\t\t\t\t\t<div class=\"elementor-spacer\">\n\t\t\t<div class=\"elementor-spacer-inner\"><\/div>\n\t\t<\/div>\n\t\t\t\t\t\t<\/div>\n\t\t\t\t<\/div>\n\t\t\t\t\t<\/div>\n\t\t\t\t<\/div>\n\t\t<div class=\"elementor-element elementor-element-13a32e06 e-flex e-con-boxed e-con e-parent\" data-id=\"13a32e06\" data-element_type=\"container\" data-e-type=\"container\" data-settings=\"{&quot;background_background&quot;:&quot;classic&quot;}\">\n\t\t\t\t\t<div class=\"e-con-inner\">\n\t\t<div class=\"elementor-element elementor-element-6d6ff2ce e-con-full e-flex e-con e-child\" data-id=\"6d6ff2ce\" data-element_type=\"container\" data-e-type=\"container\" data-settings=\"{&quot;background_background&quot;:&quot;classic&quot;}\">\n\t\t\t\t<div class=\"elementor-element elementor-element-60b9c255 elementor-widget__width-inherit elementor-widget-mobile__width-inherit elementor-widget elementor-widget-image\" data-id=\"60b9c255\" data-element_type=\"widget\" data-e-type=\"widget\" data-widget_type=\"image.default\">\n\t\t\t\t<div class=\"elementor-widget-container\">\n\t\t\t\t\t\t\t\t\t\t\t\t\t\t\t<img loading=\"lazy\" decoding=\"async\" width=\"1024\" height=\"576\" src=\"https:\/\/www.kaashandelsauer.nl\/wp-content\/uploads\/475802033_122161625930307275_6407794924911989180_n.jpg\" class=\"attachment-large size-large wp-image-5369\" alt=\"Old Maastricht\" \/>\t\t\t\t\t\t\t\t\t\t\t\t\t\t\t<\/div>\n\t\t\t\t<\/div>\n\t\t\t\t<\/div>\n\t\t<div class=\"elementor-element elementor-element-6b3dbaf e-con-full e-flex e-con e-child\" data-id=\"6b3dbaf\" data-element_type=\"container\" data-e-type=\"container\">\n\t\t\t\t<div class=\"elementor-element elementor-element-76835d5 elementor-widget elementor-widget-heading\" data-id=\"76835d5\" data-element_type=\"widget\" data-e-type=\"widget\" data-widget_type=\"heading.default\">\n\t\t\t\t<div class=\"elementor-widget-container\">\n\t\t\t\t\t<h4 class=\"elementor-heading-title elementor-size-default\">Exclusivement chez Kaashandel Sauer<\/h4>\t\t\t\t<\/div>\n\t\t\t\t<\/div>\n\t\t\t\t<div class=\"elementor-element elementor-element-4407fd09 elementor-widget elementor-widget-heading\" data-id=\"4407fd09\" data-element_type=\"widget\" data-e-type=\"widget\" data-widget_type=\"heading.default\">\n\t\t\t\t<div class=\"elementor-widget-container\">\n\t\t\t\t\t<h2 class=\"elementor-heading-title elementor-size-default\">Le fromage le plus rebelle des Pays-Bas\u00a0: Old Maastricht.<\/h2>\t\t\t\t<\/div>\n\t\t\t\t<\/div>\n\t\t\t\t<div class=\"elementor-element elementor-element-6f414735 elementor-widget elementor-widget-button\" data-id=\"6f414735\" data-element_type=\"widget\" data-e-type=\"widget\" data-widget_type=\"button.default\">\n\t\t\t\t<div class=\"elementor-widget-container\">\n\t\t\t\t\t\t\t\t\t<div class=\"elementor-button-wrapper\">\n\t\t\t\t\t<a class=\"elementor-button elementor-button-link elementor-size-sm\" href=\"https:\/\/www.oldmaastricht.nl\/\">\n\t\t\t\t\t\t<span class=\"elementor-button-content-wrapper\">\n\t\t\t\t\t\t\t\t\t<span class=\"elementor-button-text\">En savoir plus<\/span>\n\t\t\t\t\t<\/span>\n\t\t\t\t\t<\/a>\n\t\t\t\t<\/div>\n\t\t\t\t\t\t\t\t<\/div>\n\t\t\t\t<\/div>\n\t\t\t\t<\/div>\n\t\t\t\t\t<\/div>\n\t\t\t\t<\/div>\n\t\t\t\t<\/div>\n\t\t","protected":false},"excerpt":{"rendered":"<p>\u00c0 Propos O\u00f9 Saveur et Tradition se Rencontrent Sept jours sur sept au march\u00e9 de Maastricht, le jeudi \u00e0 Meerssen [&hellip;]<\/p>\n","protected":false},"author":1,"featured_media":0,"parent":0,"menu_order":0,"comment_status":"closed","ping_status":"closed","template":"elementor_header_footer","meta":{"site-sidebar-layout":"no-sidebar","site-content-layout":"","ast-site-content-layout":"full-width-container","site-content-style":"default","site-sidebar-style":"default","ast-global-header-display":"","ast-banner-title-visibility":"","ast-main-header-display":"","ast-hfb-above-header-display":"","ast-hfb-below-header-display":"","ast-hfb-mobile-header-display":"","site-post-title":"disabled","ast-breadcrumbs-content":"","ast-featured-img":"disabled","footer-sml-layout":"","ast-disable-related-posts":"","theme-transparent-header-meta":"","adv-header-id-meta":"","stick-header-meta":"","header-above-stick-meta":"","header-main-stick-meta":"","header-below-stick-meta":"","astra-migrate-meta-layouts":"default","ast-page-background-enabled":"default","ast-page-background-meta":{"desktop":{"background-color":"var(--ast-global-color-5)","background-image":"","background-repeat":"repeat","background-position":"center center","background-size":"auto","background-attachment":"scroll","background-type":"","background-media":"","overlay-type":"","overlay-color":"","overlay-opacity":"","overlay-gradient":""},"tablet":{"background-color":"","background-image":"","background-repeat":"repeat","background-position":"center center","background-size":"auto","background-attachment":"scroll","background-type":"","background-media":"","overlay-type":"","overlay-color":"","overlay-opacity":"","overlay-gradient":""},"mobile":{"background-color":"","background-image":"","background-repeat":"repeat","background-position":"center center","background-size":"auto","background-attachment":"scroll","background-type":"","background-media":"","overlay-type":"","overlay-color":"","overlay-opacity":"","overlay-gradient":""}},"ast-content-background-meta":{"desktop":{"background-color":"var(--ast-global-color-4)","background-image":"","background-repeat":"repeat","background-position":"center center","background-size":"auto","background-attachment":"scroll","background-type":"","background-media":"","overlay-type":"","overlay-color":"","overlay-opacity":"","overlay-gradient":""},"tablet":{"background-color":"var(--ast-global-color-4)","background-image":"","background-repeat":"repeat","background-position":"center center","background-size":"auto","background-attachment":"scroll","background-type":"","background-media":"","overlay-type":"","overlay-color":"","overlay-opacity":"","overlay-gradient":""},"mobile":{"background-color":"var(--ast-global-color-4)","background-image":"","background-repeat":"repeat","background-position":"center center","background-size":"auto","background-attachment":"scroll","background-type":"","background-media":"","overlay-type":"","overlay-color":"","overlay-opacity":"","overlay-gradient":""}},"footnotes":""},"class_list":["post-5329","page","type-page","status-publish","hentry"],"yoast_head":"<!-- This site is optimized with the Yoast SEO plugin v27.4 - https:\/\/yoast.com\/product\/yoast-seo-wordpress\/ -->\n<title>\u00c0 propos - Kaashandel Sauer<\/title>\n<meta name=\"description\" content=\"\u00c0 propos de Kaashandel Sauer \u2013 Sept jours sur sept, les meilleurs fromages au march\u00e9 de Maastricht, Meerssen et Sittard.\" \/>\n<meta name=\"robots\" content=\"index, follow, max-snippet:-1, max-image-preview:large, max-video-preview:-1\" \/>\n<link rel=\"canonical\" href=\"https:\/\/www.kaashandelsauer.nl\/over\/\" \/>\n<meta property=\"og:locale\" content=\"fr_FR\" \/>\n<meta property=\"og:type\" content=\"article\" \/>\n<meta property=\"og:title\" content=\"\u00c0 propos - Kaashandel Sauer\" \/>\n<meta property=\"og:description\" content=\"\u00c0 propos de Kaashandel Sauer \u2013 Sept jours sur sept, les meilleurs fromages au march\u00e9 de Maastricht, Meerssen et Sittard.\" \/>\n<meta property=\"og:url\" content=\"https:\/\/www.kaashandelsauer.nl\/over\/\" \/>\n<meta property=\"og:site_name\" content=\"Kaashandel Sauer\" \/>\n<meta property=\"article:modified_time\" content=\"2026-03-09T23:57:58+00:00\" \/>\n<meta name=\"twitter:card\" content=\"summary_large_image\" \/>\n<meta name=\"twitter:label1\" content=\"Dur\u00e9e de lecture estim\u00e9e\" \/>\n\t<meta name=\"twitter:data1\" content=\"1 minute\" \/>\n<script type=\"application\/ld+json\" class=\"yoast-schema-graph\">{\"@context\":\"https:\\\/\\\/schema.org\",\"@graph\":[{\"@type\":\"WebPage\",\"@id\":\"https:\\\/\\\/www.kaashandelsauer.nl\\\/over\\\/\",\"url\":\"https:\\\/\\\/www.kaashandelsauer.nl\\\/over\\\/\",\"name\":\"\u00c0 propos - Kaashandel Sauer\",\"isPartOf\":{\"@id\":\"https:\\\/\\\/www.kaashandelsauer.nl\\\/#website\"},\"datePublished\":\"2025-03-31T14:43:57+00:00\",\"dateModified\":\"2026-03-09T23:57:58+00:00\",\"description\":\"\u00c0 propos de Kaashandel Sauer \u2013 Sept jours sur sept, les meilleurs fromages au march\u00e9 de Maastricht, Meerssen et Sittard.\",\"breadcrumb\":{\"@id\":\"https:\\\/\\\/www.kaashandelsauer.nl\\\/over\\\/#breadcrumb\"},\"inLanguage\":\"fr-FR\",\"potentialAction\":[{\"@type\":\"ReadAction\",\"target\":[\"https:\\\/\\\/www.kaashandelsauer.nl\\\/over\\\/\"]}]},{\"@type\":\"BreadcrumbList\",\"@id\":\"https:\\\/\\\/www.kaashandelsauer.nl\\\/over\\\/#breadcrumb\",\"itemListElement\":[{\"@type\":\"ListItem\",\"position\":1,\"name\":\"Home\",\"item\":\"https:\\\/\\\/www.kaashandelsauer.nl\\\/\"},{\"@type\":\"ListItem\",\"position\":2,\"name\":\"\u00c0 propos\"}]},{\"@type\":\"WebSite\",\"@id\":\"https:\\\/\\\/www.kaashandelsauer.nl\\\/#website\",\"url\":\"https:\\\/\\\/www.kaashandelsauer.nl\\\/\",\"name\":\"Kaashandel Sauer\",\"description\":\"\",\"potentialAction\":[{\"@type\":\"SearchAction\",\"target\":{\"@type\":\"EntryPoint\",\"urlTemplate\":\"https:\\\/\\\/www.kaashandelsauer.nl\\\/?s={search_term_string}\"},\"query-input\":{\"@type\":\"PropertyValueSpecification\",\"valueRequired\":true,\"valueName\":\"search_term_string\"}}],\"inLanguage\":\"fr-FR\"}]}<\/script>\n<!-- \/ Yoast SEO plugin. -->","yoast_head_json":{"title":"\u00c0 propos - Kaashandel Sauer","description":"\u00c0 propos de Kaashandel Sauer \u2013 Sept jours sur sept, les meilleurs fromages au march\u00e9 de Maastricht, Meerssen et Sittard.","robots":{"index":"index","follow":"follow","max-snippet":"max-snippet:-1","max-image-preview":"max-image-preview:large","max-video-preview":"max-video-preview:-1"},"canonical":"https:\/\/www.kaashandelsauer.nl\/over\/","og_locale":"fr_FR","og_type":"article","og_title":"\u00c0 propos - Kaashandel Sauer","og_description":"\u00c0 propos de Kaashandel Sauer \u2013 Sept jours sur sept, les meilleurs fromages au march\u00e9 de Maastricht, Meerssen et Sittard.","og_url":"https:\/\/www.kaashandelsauer.nl\/over\/","og_site_name":"Kaashandel Sauer","article_modified_time":"2026-03-09T23:57:58+00:00","twitter_card":"summary_large_image","twitter_misc":{"Dur\u00e9e de lecture estim\u00e9e":"1 minute"},"schema":{"@context":"https:\/\/schema.org","@graph":[{"@type":"WebPage","@id":"https:\/\/www.kaashandelsauer.nl\/over\/","url":"https:\/\/www.kaashandelsauer.nl\/over\/","name":"\u00c0 propos - Kaashandel Sauer","isPartOf":{"@id":"https:\/\/www.kaashandelsauer.nl\/#website"},"datePublished":"2025-03-31T14:43:57+00:00","dateModified":"2026-03-09T23:57:58+00:00","description":"\u00c0 propos de Kaashandel Sauer \u2013 Sept jours sur sept, les meilleurs fromages au march\u00e9 de Maastricht, Meerssen et Sittard.","breadcrumb":{"@id":"https:\/\/www.kaashandelsauer.nl\/over\/#breadcrumb"},"inLanguage":"fr-FR","potentialAction":[{"@type":"ReadAction","target":["https:\/\/www.kaashandelsauer.nl\/over\/"]}]},{"@type":"BreadcrumbList","@id":"https:\/\/www.kaashandelsauer.nl\/over\/#breadcrumb","itemListElement":[{"@type":"ListItem","position":1,"name":"Home","item":"https:\/\/www.kaashandelsauer.nl\/"},{"@type":"ListItem","position":2,"name":"\u00c0 propos"}]},{"@type":"WebSite","@id":"https:\/\/www.kaashandelsauer.nl\/#website","url":"https:\/\/www.kaashandelsauer.nl\/","name":"Kaashandel Sauer","description":"","potentialAction":[{"@type":"SearchAction","target":{"@type":"EntryPoint","urlTemplate":"https:\/\/www.kaashandelsauer.nl\/?s={search_term_string}"},"query-input":{"@type":"PropertyValueSpecification","valueRequired":true,"valueName":"search_term_string"}}],"inLanguage":"fr-FR"}]}},"jetpack_sharing_enabled":true,"_links":{"self":[{"href":"https:\/\/www.kaashandelsauer.nl\/fr\/wp-json\/wp\/v2\/pages\/5329","targetHints":{"allow":["GET"]}}],"collection":[{"href":"https:\/\/www.kaashandelsauer.nl\/fr\/wp-json\/wp\/v2\/pages"}],"about":[{"href":"https:\/\/www.kaashandelsauer.nl\/fr\/wp-json\/wp\/v2\/types\/page"}],"author":[{"embeddable":true,"href":"https:\/\/www.kaashandelsauer.nl\/fr\/wp-json\/wp\/v2\/users\/1"}],"replies":[{"embeddable":true,"href":"https:\/\/www.kaashandelsauer.nl\/fr\/wp-json\/wp\/v2\/comments?post=5329"}],"version-history":[{"count":0,"href":"https:\/\/www.kaashandelsauer.nl\/fr\/wp-json\/wp\/v2\/pages\/5329\/revisions"}],"wp:attachment":[{"href":"https:\/\/www.kaashandelsauer.nl\/fr\/wp-json\/wp\/v2\/media?parent=5329"}],"curies":[{"name":"wp","href":"https:\/\/api.w.org\/{rel}","templated":true}]}}