{"id":5252,"date":"2026-02-21T12:25:45","date_gmt":"2026-02-21T10:25:45","guid":{"rendered":"https:\/\/www.kaashandelsauer.nl\/winkel\/%f0%9f%a7%80-fromage-fermier-de-stolwijk-affine-fr\/"},"modified":"2026-03-10T00:34:18","modified_gmt":"2026-03-09T22:34:18","slug":"%f0%9f%a7%80-fromage-fermier-de-stolwijk-affine-fr","status":"publish","type":"product","link":"https:\/\/www.kaashandelsauer.nl\/fr\/winkel\/%f0%9f%a7%80-fromage-fermier-de-stolwijk-affine-fr\/","title":{"rendered":"\ud83e\uddc0 Fromage fermier de Stolwijk \u2013 Affin\u00e9"},"content":{"rendered":"<p>Le Stolwijkse Belegen est un fromage fermier artisanal de caract\u00e8re. Fabriqu\u00e9 de mani\u00e8re traditionnelle et affin\u00e9 jusqu&rsquo;au point parfait o\u00f9 onctuosit\u00e9 et puissance se rencontrent. Au cours de l&rsquo;affinage, ce fromage d\u00e9veloppe une saveur pleine et l\u00e9g\u00e8rement relev\u00e9e, avec une agr\u00e9able note sal\u00e9e. Sa texture est ferme tout en restant suffisamment fondante pour \u00eatre joliment tranch\u00e9e et d\u00e9licieuse \u00e0 d\u00e9guster. C&rsquo;est un fromage que l&rsquo;on peut manger tous les jours, mais qui impressionne aussi sur un plateau de fromages.<\/p>\n<p>Profil gustatif<\/p>\n<p>Plein et cr\u00e9meux<\/p>\n<p>L\u00e9g\u00e8rement relev\u00e9<\/p>\n<p>Bel \u00e9quilibre entre doux et affin\u00e9<\/p>\n<p>Authentique caract\u00e8re fermier<\/p>\n<p>Parfait pour<\/p>\n<p>Au quotidien sur du pain<\/p>\n<p>En d\u00e9s pour l&rsquo;ap\u00e9ritif<\/p>\n<p>R\u00e2p\u00e9 sur des plats au four<\/p>\n<p>Sur un morceau de baguette fra\u00eeche<\/p>\n<p>\u2713 Frais du couteau ! Imm\u00e9diatement emball\u00e9 sous vide<br \/>\n\u2713 Papier \u00e0 fromage inclus gratuitement en standard<\/p>\n<p>Remarque : Couper le fromage est un savoir-faire. Nous appliquons un \u00e9cart d&rsquo;environ 25 grammes en plus ou en moins par rapport au poids command\u00e9.<\/p>\n","protected":false},"excerpt":{"rendered":"<p>Le Stolwijkse Belegen est un fromage fermier artisanal de caract\u00e8re. Fabriqu\u00e9 de mani\u00e8re traditionnelle et affin\u00e9 jusqu&rsquo;au point parfait o\u00f9 onctuosit\u00e9 et puissance se rencontrent.<\/p>\n","protected":false},"featured_media":5420,"comment_status":"open","ping_status":"closed","template":"","meta":{"site-sidebar-layout":"default","site-content-layout":"","ast-site-content-layout":"default","site-content-style":"default","site-sidebar-style":"default","ast-global-header-display":"","ast-banner-title-visibility":"","ast-main-header-display":"","ast-hfb-above-header-display":"","ast-hfb-below-header-display":"","ast-hfb-mobile-header-display":"","site-post-title":"","ast-breadcrumbs-content":"","ast-featured-img":"","footer-sml-layout":"","ast-disable-related-posts":"","theme-transparent-header-meta":"default","adv-header-id-meta":"","stick-header-meta":"","header-above-stick-meta":"","header-main-stick-meta":"","header-below-stick-meta":"","astra-migrate-meta-layouts":"set","ast-page-background-enabled":"default","ast-page-background-meta":{"desktop":{"background-color":"var(--ast-global-color-5)","background-image":"","background-repeat":"repeat","background-position":"center center","background-size":"auto","background-attachment":"scroll","background-type":"","background-media":"","overlay-type":"","overlay-color":"","overlay-opacity":"","overlay-gradient":""},"tablet":{"background-color":"","background-image":"","background-repeat":"repeat","background-position":"center center","background-size":"auto","background-attachment":"scroll","background-type":"","background-media":"","overlay-type":"","overlay-color":"","overlay-opacity":"","overlay-gradient":""},"mobile":{"background-color":"","background-image":"","background-repeat":"repeat","background-position":"center center","background-size":"auto","background-attachment":"scroll","background-type":"","background-media":"","overlay-type":"","overlay-color":"","overlay-opacity":"","overlay-gradient":""}},"ast-content-background-meta":{"desktop":{"background-color":"var(--ast-global-color-4)","background-image":"","background-repeat":"repeat","background-position":"center center","background-size":"auto","background-attachment":"scroll","background-type":"","background-media":"","overlay-type":"","overlay-color":"","overlay-opacity":"","overlay-gradient":""},"tablet":{"background-color":"var(--ast-global-color-4)","background-image":"","background-repeat":"repeat","background-position":"center center","background-size":"auto","background-attachment":"scroll","background-type":"","background-media":"","overlay-type":"","overlay-color":"","overlay-opacity":"","overlay-gradient":""},"mobile":{"background-color":"var(--ast-global-color-4)","background-image":"","background-repeat":"repeat","background-position":"center center","background-size":"auto","background-attachment":"scroll","background-type":"","background-media":"","overlay-type":"","overlay-color":"","overlay-opacity":"","overlay-gradient":""}}},"product_brand":[],"product_cat":[81],"product_tag":[],"class_list":{"0":"post-5252","1":"product","2":"type-product","3":"status-publish","4":"has-post-thumbnail","6":"product_cat-fromage","7":"desktop-align-left","8":"tablet-align-left","9":"mobile-align-left","10":"ast-product-gallery-layout-horizontal-slider","11":"ast-product-gallery-with-no-image","12":"ast-product-tabs-layout-horizontal","14":"first","15":"instock","16":"taxable","17":"shipping-taxable","18":"purchasable","19":"product-type-simple"},"yoast_head":"<!-- This site is optimized with the Yoast SEO plugin v27.4 - https:\/\/yoast.com\/product\/yoast-seo-wordpress\/ -->\n<title>\ud83e\uddc0 Fromage fermier de Stolwijk \u2013 Affin\u00e9 - Kaashandel Sauer<\/title>\n<meta name=\"robots\" content=\"index, follow, max-snippet:-1, max-image-preview:large, max-video-preview:-1\" \/>\n<link rel=\"canonical\" href=\"https:\/\/www.kaashandelsauer.nl\/winkel\/\ud83e\uddc0-boeren-stolwijkse-kaas-belegen\/\" \/>\n<meta property=\"og:locale\" content=\"fr_FR\" \/>\n<meta property=\"og:type\" content=\"article\" \/>\n<meta property=\"og:title\" content=\"\ud83e\uddc0 Fromage fermier de Stolwijk \u2013 Affin\u00e9 - Kaashandel Sauer\" \/>\n<meta property=\"og:description\" content=\"Le Stolwijkse Belegen est un fromage fermier artisanal de caract\u00e8re. Fabriqu\u00e9 de mani\u00e8re traditionnelle et affin\u00e9 jusqu&#039;au point parfait o\u00f9 onctuosit\u00e9 et puissance se rencontrent.\" \/>\n<meta property=\"og:url\" content=\"https:\/\/www.kaashandelsauer.nl\/winkel\/\ud83e\uddc0-boeren-stolwijkse-kaas-belegen\/\" \/>\n<meta property=\"og:site_name\" content=\"Kaashandel Sauer\" \/>\n<meta property=\"article:modified_time\" content=\"2026-03-09T22:34:18+00:00\" \/>\n<meta name=\"twitter:card\" content=\"summary_large_image\" \/>\n<meta name=\"twitter:label1\" content=\"Dur\u00e9e de lecture estim\u00e9e\" \/>\n\t<meta name=\"twitter:data1\" content=\"1 minute\" \/>\n<script type=\"application\/ld+json\" class=\"yoast-schema-graph\">{\"@context\":\"https:\\\/\\\/schema.org\",\"@graph\":[{\"@type\":\"WebPage\",\"@id\":\"https:\\\/\\\/www.kaashandelsauer.nl\\\/winkel\\\/%f0%9f%a7%80-boeren-stolwijkse-kaas-belegen\\\/\",\"url\":\"https:\\\/\\\/www.kaashandelsauer.nl\\\/winkel\\\/%f0%9f%a7%80-boeren-stolwijkse-kaas-belegen\\\/\",\"name\":\"\ud83e\uddc0 Fromage fermier de Stolwijk \u2013 Affin\u00e9 - Kaashandel Sauer\",\"isPartOf\":{\"@id\":\"https:\\\/\\\/www.kaashandelsauer.nl\\\/#website\"},\"primaryImageOfPage\":{\"@id\":\"https:\\\/\\\/www.kaashandelsauer.nl\\\/winkel\\\/%f0%9f%a7%80-boeren-stolwijkse-kaas-belegen\\\/#primaryimage\"},\"image\":{\"@id\":\"https:\\\/\\\/www.kaashandelsauer.nl\\\/winkel\\\/%f0%9f%a7%80-boeren-stolwijkse-kaas-belegen\\\/#primaryimage\"},\"thumbnailUrl\":\"https:\\\/\\\/www.kaashandelsauer.nl\\\/wp-content\\\/uploads\\\/PHOTO-2026-02-20-19-12-11-7.avif\",\"datePublished\":\"2026-02-21T10:25:45+00:00\",\"dateModified\":\"2026-03-09T22:34:18+00:00\",\"breadcrumb\":{\"@id\":\"https:\\\/\\\/www.kaashandelsauer.nl\\\/winkel\\\/%f0%9f%a7%80-boeren-stolwijkse-kaas-belegen\\\/#breadcrumb\"},\"inLanguage\":\"fr-FR\",\"potentialAction\":[{\"@type\":\"ReadAction\",\"target\":[\"https:\\\/\\\/www.kaashandelsauer.nl\\\/winkel\\\/%f0%9f%a7%80-boeren-stolwijkse-kaas-belegen\\\/\"]}]},{\"@type\":\"ImageObject\",\"inLanguage\":\"fr-FR\",\"@id\":\"https:\\\/\\\/www.kaashandelsauer.nl\\\/winkel\\\/%f0%9f%a7%80-boeren-stolwijkse-kaas-belegen\\\/#primaryimage\",\"url\":\"https:\\\/\\\/www.kaashandelsauer.nl\\\/wp-content\\\/uploads\\\/PHOTO-2026-02-20-19-12-11-7.avif\",\"contentUrl\":\"https:\\\/\\\/www.kaashandelsauer.nl\\\/wp-content\\\/uploads\\\/PHOTO-2026-02-20-19-12-11-7.avif\",\"width\":1487,\"height\":1600},{\"@type\":\"BreadcrumbList\",\"@id\":\"https:\\\/\\\/www.kaashandelsauer.nl\\\/winkel\\\/%f0%9f%a7%80-boeren-stolwijkse-kaas-belegen\\\/#breadcrumb\",\"itemListElement\":[{\"@type\":\"ListItem\",\"position\":1,\"name\":\"Home\",\"item\":\"https:\\\/\\\/www.kaashandelsauer.nl\\\/\"},{\"@type\":\"ListItem\",\"position\":2,\"name\":\"Boutique\",\"item\":\"https:\\\/\\\/www.kaashandelsauer.nl\\\/boutique\\\/\"},{\"@type\":\"ListItem\",\"position\":3,\"name\":\"\ud83e\uddc0 Fromage fermier de Stolwijk \u2013 Affin\u00e9\"}]},{\"@type\":\"WebSite\",\"@id\":\"https:\\\/\\\/www.kaashandelsauer.nl\\\/#website\",\"url\":\"https:\\\/\\\/www.kaashandelsauer.nl\\\/\",\"name\":\"Kaashandel Sauer\",\"description\":\"\",\"potentialAction\":[{\"@type\":\"SearchAction\",\"target\":{\"@type\":\"EntryPoint\",\"urlTemplate\":\"https:\\\/\\\/www.kaashandelsauer.nl\\\/?s={search_term_string}\"},\"query-input\":{\"@type\":\"PropertyValueSpecification\",\"valueRequired\":true,\"valueName\":\"search_term_string\"}}],\"inLanguage\":\"fr-FR\"}]}<\/script>\n<!-- \/ Yoast SEO plugin. -->","yoast_head_json":{"title":"\ud83e\uddc0 Fromage fermier de Stolwijk \u2013 Affin\u00e9 - Kaashandel Sauer","robots":{"index":"index","follow":"follow","max-snippet":"max-snippet:-1","max-image-preview":"max-image-preview:large","max-video-preview":"max-video-preview:-1"},"canonical":"https:\/\/www.kaashandelsauer.nl\/winkel\/\ud83e\uddc0-boeren-stolwijkse-kaas-belegen\/","og_locale":"fr_FR","og_type":"article","og_title":"\ud83e\uddc0 Fromage fermier de Stolwijk \u2013 Affin\u00e9 - Kaashandel Sauer","og_description":"Le Stolwijkse Belegen est un fromage fermier artisanal de caract\u00e8re. Fabriqu\u00e9 de mani\u00e8re traditionnelle et affin\u00e9 jusqu'au point parfait o\u00f9 onctuosit\u00e9 et puissance se rencontrent.","og_url":"https:\/\/www.kaashandelsauer.nl\/winkel\/\ud83e\uddc0-boeren-stolwijkse-kaas-belegen\/","og_site_name":"Kaashandel Sauer","article_modified_time":"2026-03-09T22:34:18+00:00","twitter_card":"summary_large_image","twitter_misc":{"Dur\u00e9e de lecture estim\u00e9e":"1 minute"},"schema":{"@context":"https:\/\/schema.org","@graph":[{"@type":"WebPage","@id":"https:\/\/www.kaashandelsauer.nl\/winkel\/%f0%9f%a7%80-boeren-stolwijkse-kaas-belegen\/","url":"https:\/\/www.kaashandelsauer.nl\/winkel\/%f0%9f%a7%80-boeren-stolwijkse-kaas-belegen\/","name":"\ud83e\uddc0 Fromage fermier de Stolwijk \u2013 Affin\u00e9 - Kaashandel Sauer","isPartOf":{"@id":"https:\/\/www.kaashandelsauer.nl\/#website"},"primaryImageOfPage":{"@id":"https:\/\/www.kaashandelsauer.nl\/winkel\/%f0%9f%a7%80-boeren-stolwijkse-kaas-belegen\/#primaryimage"},"image":{"@id":"https:\/\/www.kaashandelsauer.nl\/winkel\/%f0%9f%a7%80-boeren-stolwijkse-kaas-belegen\/#primaryimage"},"thumbnailUrl":"https:\/\/www.kaashandelsauer.nl\/wp-content\/uploads\/PHOTO-2026-02-20-19-12-11-7.avif","datePublished":"2026-02-21T10:25:45+00:00","dateModified":"2026-03-09T22:34:18+00:00","breadcrumb":{"@id":"https:\/\/www.kaashandelsauer.nl\/winkel\/%f0%9f%a7%80-boeren-stolwijkse-kaas-belegen\/#breadcrumb"},"inLanguage":"fr-FR","potentialAction":[{"@type":"ReadAction","target":["https:\/\/www.kaashandelsauer.nl\/winkel\/%f0%9f%a7%80-boeren-stolwijkse-kaas-belegen\/"]}]},{"@type":"ImageObject","inLanguage":"fr-FR","@id":"https:\/\/www.kaashandelsauer.nl\/winkel\/%f0%9f%a7%80-boeren-stolwijkse-kaas-belegen\/#primaryimage","url":"https:\/\/www.kaashandelsauer.nl\/wp-content\/uploads\/PHOTO-2026-02-20-19-12-11-7.avif","contentUrl":"https:\/\/www.kaashandelsauer.nl\/wp-content\/uploads\/PHOTO-2026-02-20-19-12-11-7.avif","width":1487,"height":1600},{"@type":"BreadcrumbList","@id":"https:\/\/www.kaashandelsauer.nl\/winkel\/%f0%9f%a7%80-boeren-stolwijkse-kaas-belegen\/#breadcrumb","itemListElement":[{"@type":"ListItem","position":1,"name":"Home","item":"https:\/\/www.kaashandelsauer.nl\/"},{"@type":"ListItem","position":2,"name":"Boutique","item":"https:\/\/www.kaashandelsauer.nl\/boutique\/"},{"@type":"ListItem","position":3,"name":"\ud83e\uddc0 Fromage fermier de Stolwijk \u2013 Affin\u00e9"}]},{"@type":"WebSite","@id":"https:\/\/www.kaashandelsauer.nl\/#website","url":"https:\/\/www.kaashandelsauer.nl\/","name":"Kaashandel Sauer","description":"","potentialAction":[{"@type":"SearchAction","target":{"@type":"EntryPoint","urlTemplate":"https:\/\/www.kaashandelsauer.nl\/?s={search_term_string}"},"query-input":{"@type":"PropertyValueSpecification","valueRequired":true,"valueName":"search_term_string"}}],"inLanguage":"fr-FR"}]}},"jetpack_sharing_enabled":true,"_links":{"self":[{"href":"https:\/\/www.kaashandelsauer.nl\/fr\/wp-json\/wp\/v2\/product\/5252","targetHints":{"allow":["GET"]}}],"collection":[{"href":"https:\/\/www.kaashandelsauer.nl\/fr\/wp-json\/wp\/v2\/product"}],"about":[{"href":"https:\/\/www.kaashandelsauer.nl\/fr\/wp-json\/wp\/v2\/types\/product"}],"replies":[{"embeddable":true,"href":"https:\/\/www.kaashandelsauer.nl\/fr\/wp-json\/wp\/v2\/comments?post=5252"}],"wp:featuredmedia":[{"embeddable":true,"href":"https:\/\/www.kaashandelsauer.nl\/fr\/wp-json\/wp\/v2\/media\/5420"}],"wp:attachment":[{"href":"https:\/\/www.kaashandelsauer.nl\/fr\/wp-json\/wp\/v2\/media?parent=5252"}],"wp:term":[{"taxonomy":"product_brand","embeddable":true,"href":"https:\/\/www.kaashandelsauer.nl\/fr\/wp-json\/wp\/v2\/product_brand?post=5252"},{"taxonomy":"product_cat","embeddable":true,"href":"https:\/\/www.kaashandelsauer.nl\/fr\/wp-json\/wp\/v2\/product_cat?post=5252"},{"taxonomy":"product_tag","embeddable":true,"href":"https:\/\/www.kaashandelsauer.nl\/fr\/wp-json\/wp\/v2\/product_tag?post=5252"}],"curies":[{"name":"wp","href":"https:\/\/api.w.org\/{rel}","templated":true}]}}