{"id":5261,"date":"2026-03-10T00:34:19","date_gmt":"2026-03-09T22:34:19","guid":{"rendered":"https:\/\/www.kaashandelsauer.nl\/winkel\/%f0%9f%a7%80%f0%9f%8c%b6%ef%b8%8f-fromage-aux-herbes-et-jalapeno-fr\/"},"modified":"2026-03-10T00:34:19","modified_gmt":"2026-03-09T22:34:19","slug":"%f0%9f%a7%80%f0%9f%8c%b6%ef%b8%8f-fromage-aux-herbes-et-jalapeno-fr","status":"publish","type":"product","link":"https:\/\/www.kaashandelsauer.nl\/fr\/winkel\/%f0%9f%a7%80%f0%9f%8c%b6%ef%b8%8f-fromage-aux-herbes-et-jalapeno-fr\/","title":{"rendered":"\ud83e\uddc0\ud83c\udf36\ufe0f Fromage aux Herbes et Jalape\u00f1o"},"content":{"rendered":"<p>Pour ceux qui aiment un peu de piment : ce fromage aux herbes et jalape\u00f1o associe un fromage cr\u00e9meux et g\u00e9n\u00e9reux au caract\u00e8re frais du piment jalape\u00f1o. Le r\u00e9sultat est un fromage onctueux avec une pointe de piquant qui ne domine pas, mais qui est parfaitement \u00e9quilibr\u00e9e. L&rsquo;onctuosit\u00e9 du fromage absorbe parfaitement le piquant \u00e9pic\u00e9, le rendant \u00e0 la fois accessible et excitant. Un v\u00e9ritable exhausteur de go\u00fbt sur un plateau de fromages ou comme touche surprenante sur du pain.<\/p>\n<p>Profil gustatif<\/p>\n<p>Cr\u00e9meux et plein<\/p>\n<p>Frais et \u00e9pic\u00e9<\/p>\n<p>Pointe de piquant jalape\u00f1o<\/p>\n<p>Bel \u00e9quilibre entre onctuosit\u00e9 et piquant<\/p>\n<p>Parfait pour<\/p>\n<p>Sur un plateau de fromages<\/p>\n<p>En d\u00e9s avec une bi\u00e8re artisanale<\/p>\n<p>Fondu sur un burger ou un croque-monsieur<\/p>\n<p>Dans un wrap ou une quesadilla<\/p>\n<p>\u2713 Frais du couteau ! Imm\u00e9diatement emball\u00e9 sous vide<br \/>\n\u2713 Papier \u00e0 fromage inclus gratuitement en standard<\/p>\n<p>Remarque : Couper le fromage est un savoir-faire. Nous appliquons un \u00e9cart d&rsquo;environ 25 grammes en plus ou en moins par rapport au poids command\u00e9.<\/p>\n","protected":false},"excerpt":{"rendered":"<p>Pour ceux qui aiment un peu de piment : ce fromage aux herbes et jalape\u00f1o associe un fromage cr\u00e9meux et g\u00e9n\u00e9reux au caract\u00e8re frais du piment jalape\u00f1o. Le r\u00e9sultat est un fromage onctueux avec une pointe de piquant qui ne domine pas, mais qui est parfaitement \u00e9quilibr\u00e9e.<\/p>\n","protected":false},"featured_media":5185,"comment_status":"open","ping_status":"closed","template":"","meta":{"site-sidebar-layout":"default","site-content-layout":"","ast-site-content-layout":"default","site-content-style":"default","site-sidebar-style":"default","ast-global-header-display":"","ast-banner-title-visibility":"","ast-main-header-display":"","ast-hfb-above-header-display":"","ast-hfb-below-header-display":"","ast-hfb-mobile-header-display":"","site-post-title":"","ast-breadcrumbs-content":"","ast-featured-img":"","footer-sml-layout":"","ast-disable-related-posts":"","theme-transparent-header-meta":"default","adv-header-id-meta":"","stick-header-meta":"","header-above-stick-meta":"","header-main-stick-meta":"","header-below-stick-meta":"","astra-migrate-meta-layouts":"set","ast-page-background-enabled":"default","ast-page-background-meta":{"desktop":{"background-color":"var(--ast-global-color-5)","background-image":"","background-repeat":"repeat","background-position":"center center","background-size":"auto","background-attachment":"scroll","background-type":"","background-media":"","overlay-type":"","overlay-color":"","overlay-opacity":"","overlay-gradient":""},"tablet":{"background-color":"","background-image":"","background-repeat":"repeat","background-position":"center center","background-size":"auto","background-attachment":"scroll","background-type":"","background-media":"","overlay-type":"","overlay-color":"","overlay-opacity":"","overlay-gradient":""},"mobile":{"background-color":"","background-image":"","background-repeat":"repeat","background-position":"center center","background-size":"auto","background-attachment":"scroll","background-type":"","background-media":"","overlay-type":"","overlay-color":"","overlay-opacity":"","overlay-gradient":""}},"ast-content-background-meta":{"desktop":{"background-color":"var(--ast-global-color-4)","background-image":"","background-repeat":"repeat","background-position":"center center","background-size":"auto","background-attachment":"scroll","background-type":"","background-media":"","overlay-type":"","overlay-color":"","overlay-opacity":"","overlay-gradient":""},"tablet":{"background-color":"var(--ast-global-color-4)","background-image":"","background-repeat":"repeat","background-position":"center center","background-size":"auto","background-attachment":"scroll","background-type":"","background-media":"","overlay-type":"","overlay-color":"","overlay-opacity":"","overlay-gradient":""},"mobile":{"background-color":"var(--ast-global-color-4)","background-image":"","background-repeat":"repeat","background-position":"center center","background-size":"auto","background-attachment":"scroll","background-type":"","background-media":"","overlay-type":"","overlay-color":"","overlay-opacity":"","overlay-gradient":""}}},"product_brand":[],"product_cat":[81],"product_tag":[],"class_list":{"0":"post-5261","1":"product","2":"type-product","3":"status-publish","4":"has-post-thumbnail","6":"product_cat-fromage","7":"desktop-align-left","8":"tablet-align-left","9":"mobile-align-left","10":"ast-product-gallery-layout-horizontal-slider","11":"ast-product-gallery-with-no-image","12":"ast-product-tabs-layout-horizontal","14":"first","15":"instock","16":"taxable","17":"shipping-taxable","18":"purchasable","19":"product-type-simple"},"yoast_head":"<!-- This site is optimized with the Yoast SEO plugin v27.4 - https:\/\/yoast.com\/product\/yoast-seo-wordpress\/ -->\n<title>\ud83e\uddc0\ud83c\udf36\ufe0f Fromage aux Herbes et Jalape\u00f1o - Kaashandel Sauer<\/title>\n<meta name=\"robots\" content=\"index, follow, max-snippet:-1, max-image-preview:large, max-video-preview:-1\" \/>\n<link rel=\"canonical\" href=\"https:\/\/www.kaashandelsauer.nl\/winkel\/\ud83e\uddc0\ud83c\udf36\ufe0f-jalapeno-kruidenkaas\/\" \/>\n<meta property=\"og:locale\" content=\"fr_FR\" \/>\n<meta property=\"og:type\" content=\"article\" \/>\n<meta property=\"og:title\" content=\"\ud83e\uddc0\ud83c\udf36\ufe0f Fromage aux Herbes et Jalape\u00f1o - Kaashandel Sauer\" \/>\n<meta property=\"og:description\" content=\"Pour ceux qui aiment un peu de piment : ce fromage aux herbes et jalape\u00f1o associe un fromage cr\u00e9meux et g\u00e9n\u00e9reux au caract\u00e8re frais du piment jalape\u00f1o. Le r\u00e9sultat est un fromage onctueux avec une pointe de piquant qui ne domine pas, mais qui est parfaitement \u00e9quilibr\u00e9e.\" \/>\n<meta property=\"og:url\" content=\"https:\/\/www.kaashandelsauer.nl\/winkel\/\ud83e\uddc0\ud83c\udf36\ufe0f-jalapeno-kruidenkaas\/\" \/>\n<meta property=\"og:site_name\" content=\"Kaashandel Sauer\" \/>\n<meta name=\"twitter:card\" content=\"summary_large_image\" \/>\n<meta name=\"twitter:label1\" content=\"Dur\u00e9e de lecture estim\u00e9e\" \/>\n\t<meta name=\"twitter:data1\" content=\"1 minute\" \/>\n<script type=\"application\/ld+json\" class=\"yoast-schema-graph\">{\"@context\":\"https:\\\/\\\/schema.org\",\"@graph\":[{\"@type\":\"WebPage\",\"@id\":\"https:\\\/\\\/www.kaashandelsauer.nl\\\/winkel\\\/%f0%9f%a7%80%f0%9f%8c%b6%ef%b8%8f-jalapeno-kruidenkaas\\\/\",\"url\":\"https:\\\/\\\/www.kaashandelsauer.nl\\\/winkel\\\/%f0%9f%a7%80%f0%9f%8c%b6%ef%b8%8f-jalapeno-kruidenkaas\\\/\",\"name\":\"\ud83e\uddc0\ud83c\udf36\ufe0f Fromage aux Herbes et Jalape\u00f1o - Kaashandel Sauer\",\"isPartOf\":{\"@id\":\"https:\\\/\\\/www.kaashandelsauer.nl\\\/#website\"},\"primaryImageOfPage\":{\"@id\":\"https:\\\/\\\/www.kaashandelsauer.nl\\\/winkel\\\/%f0%9f%a7%80%f0%9f%8c%b6%ef%b8%8f-jalapeno-kruidenkaas\\\/#primaryimage\"},\"image\":{\"@id\":\"https:\\\/\\\/www.kaashandelsauer.nl\\\/winkel\\\/%f0%9f%a7%80%f0%9f%8c%b6%ef%b8%8f-jalapeno-kruidenkaas\\\/#primaryimage\"},\"thumbnailUrl\":\"https:\\\/\\\/www.kaashandelsauer.nl\\\/wp-content\\\/uploads\\\/PHOTO-2026-02-20-19-12-11-6.avif\",\"datePublished\":\"2026-03-09T22:34:19+00:00\",\"breadcrumb\":{\"@id\":\"https:\\\/\\\/www.kaashandelsauer.nl\\\/winkel\\\/%f0%9f%a7%80%f0%9f%8c%b6%ef%b8%8f-jalapeno-kruidenkaas\\\/#breadcrumb\"},\"inLanguage\":\"fr-FR\",\"potentialAction\":[{\"@type\":\"ReadAction\",\"target\":[\"https:\\\/\\\/www.kaashandelsauer.nl\\\/winkel\\\/%f0%9f%a7%80%f0%9f%8c%b6%ef%b8%8f-jalapeno-kruidenkaas\\\/\"]}]},{\"@type\":\"ImageObject\",\"inLanguage\":\"fr-FR\",\"@id\":\"https:\\\/\\\/www.kaashandelsauer.nl\\\/winkel\\\/%f0%9f%a7%80%f0%9f%8c%b6%ef%b8%8f-jalapeno-kruidenkaas\\\/#primaryimage\",\"url\":\"https:\\\/\\\/www.kaashandelsauer.nl\\\/wp-content\\\/uploads\\\/PHOTO-2026-02-20-19-12-11-6.avif\",\"contentUrl\":\"https:\\\/\\\/www.kaashandelsauer.nl\\\/wp-content\\\/uploads\\\/PHOTO-2026-02-20-19-12-11-6.avif\",\"width\":1574,\"height\":1599},{\"@type\":\"BreadcrumbList\",\"@id\":\"https:\\\/\\\/www.kaashandelsauer.nl\\\/winkel\\\/%f0%9f%a7%80%f0%9f%8c%b6%ef%b8%8f-jalapeno-kruidenkaas\\\/#breadcrumb\",\"itemListElement\":[{\"@type\":\"ListItem\",\"position\":1,\"name\":\"Home\",\"item\":\"https:\\\/\\\/www.kaashandelsauer.nl\\\/\"},{\"@type\":\"ListItem\",\"position\":2,\"name\":\"Boutique\",\"item\":\"https:\\\/\\\/www.kaashandelsauer.nl\\\/boutique\\\/\"},{\"@type\":\"ListItem\",\"position\":3,\"name\":\"\ud83e\uddc0\ud83c\udf36\ufe0f Fromage aux Herbes et Jalape\u00f1o\"}]},{\"@type\":\"WebSite\",\"@id\":\"https:\\\/\\\/www.kaashandelsauer.nl\\\/#website\",\"url\":\"https:\\\/\\\/www.kaashandelsauer.nl\\\/\",\"name\":\"Kaashandel Sauer\",\"description\":\"\",\"potentialAction\":[{\"@type\":\"SearchAction\",\"target\":{\"@type\":\"EntryPoint\",\"urlTemplate\":\"https:\\\/\\\/www.kaashandelsauer.nl\\\/?s={search_term_string}\"},\"query-input\":{\"@type\":\"PropertyValueSpecification\",\"valueRequired\":true,\"valueName\":\"search_term_string\"}}],\"inLanguage\":\"fr-FR\"}]}<\/script>\n<!-- \/ Yoast SEO plugin. -->","yoast_head_json":{"title":"\ud83e\uddc0\ud83c\udf36\ufe0f Fromage aux Herbes et Jalape\u00f1o - Kaashandel Sauer","robots":{"index":"index","follow":"follow","max-snippet":"max-snippet:-1","max-image-preview":"max-image-preview:large","max-video-preview":"max-video-preview:-1"},"canonical":"https:\/\/www.kaashandelsauer.nl\/winkel\/\ud83e\uddc0\ud83c\udf36\ufe0f-jalapeno-kruidenkaas\/","og_locale":"fr_FR","og_type":"article","og_title":"\ud83e\uddc0\ud83c\udf36\ufe0f Fromage aux Herbes et Jalape\u00f1o - Kaashandel Sauer","og_description":"Pour ceux qui aiment un peu de piment : ce fromage aux herbes et jalape\u00f1o associe un fromage cr\u00e9meux et g\u00e9n\u00e9reux au caract\u00e8re frais du piment jalape\u00f1o. Le r\u00e9sultat est un fromage onctueux avec une pointe de piquant qui ne domine pas, mais qui est parfaitement \u00e9quilibr\u00e9e.","og_url":"https:\/\/www.kaashandelsauer.nl\/winkel\/\ud83e\uddc0\ud83c\udf36\ufe0f-jalapeno-kruidenkaas\/","og_site_name":"Kaashandel Sauer","twitter_card":"summary_large_image","twitter_misc":{"Dur\u00e9e de lecture estim\u00e9e":"1 minute"},"schema":{"@context":"https:\/\/schema.org","@graph":[{"@type":"WebPage","@id":"https:\/\/www.kaashandelsauer.nl\/winkel\/%f0%9f%a7%80%f0%9f%8c%b6%ef%b8%8f-jalapeno-kruidenkaas\/","url":"https:\/\/www.kaashandelsauer.nl\/winkel\/%f0%9f%a7%80%f0%9f%8c%b6%ef%b8%8f-jalapeno-kruidenkaas\/","name":"\ud83e\uddc0\ud83c\udf36\ufe0f Fromage aux Herbes et Jalape\u00f1o - Kaashandel Sauer","isPartOf":{"@id":"https:\/\/www.kaashandelsauer.nl\/#website"},"primaryImageOfPage":{"@id":"https:\/\/www.kaashandelsauer.nl\/winkel\/%f0%9f%a7%80%f0%9f%8c%b6%ef%b8%8f-jalapeno-kruidenkaas\/#primaryimage"},"image":{"@id":"https:\/\/www.kaashandelsauer.nl\/winkel\/%f0%9f%a7%80%f0%9f%8c%b6%ef%b8%8f-jalapeno-kruidenkaas\/#primaryimage"},"thumbnailUrl":"https:\/\/www.kaashandelsauer.nl\/wp-content\/uploads\/PHOTO-2026-02-20-19-12-11-6.avif","datePublished":"2026-03-09T22:34:19+00:00","breadcrumb":{"@id":"https:\/\/www.kaashandelsauer.nl\/winkel\/%f0%9f%a7%80%f0%9f%8c%b6%ef%b8%8f-jalapeno-kruidenkaas\/#breadcrumb"},"inLanguage":"fr-FR","potentialAction":[{"@type":"ReadAction","target":["https:\/\/www.kaashandelsauer.nl\/winkel\/%f0%9f%a7%80%f0%9f%8c%b6%ef%b8%8f-jalapeno-kruidenkaas\/"]}]},{"@type":"ImageObject","inLanguage":"fr-FR","@id":"https:\/\/www.kaashandelsauer.nl\/winkel\/%f0%9f%a7%80%f0%9f%8c%b6%ef%b8%8f-jalapeno-kruidenkaas\/#primaryimage","url":"https:\/\/www.kaashandelsauer.nl\/wp-content\/uploads\/PHOTO-2026-02-20-19-12-11-6.avif","contentUrl":"https:\/\/www.kaashandelsauer.nl\/wp-content\/uploads\/PHOTO-2026-02-20-19-12-11-6.avif","width":1574,"height":1599},{"@type":"BreadcrumbList","@id":"https:\/\/www.kaashandelsauer.nl\/winkel\/%f0%9f%a7%80%f0%9f%8c%b6%ef%b8%8f-jalapeno-kruidenkaas\/#breadcrumb","itemListElement":[{"@type":"ListItem","position":1,"name":"Home","item":"https:\/\/www.kaashandelsauer.nl\/"},{"@type":"ListItem","position":2,"name":"Boutique","item":"https:\/\/www.kaashandelsauer.nl\/boutique\/"},{"@type":"ListItem","position":3,"name":"\ud83e\uddc0\ud83c\udf36\ufe0f Fromage aux Herbes et Jalape\u00f1o"}]},{"@type":"WebSite","@id":"https:\/\/www.kaashandelsauer.nl\/#website","url":"https:\/\/www.kaashandelsauer.nl\/","name":"Kaashandel Sauer","description":"","potentialAction":[{"@type":"SearchAction","target":{"@type":"EntryPoint","urlTemplate":"https:\/\/www.kaashandelsauer.nl\/?s={search_term_string}"},"query-input":{"@type":"PropertyValueSpecification","valueRequired":true,"valueName":"search_term_string"}}],"inLanguage":"fr-FR"}]}},"jetpack_sharing_enabled":true,"_links":{"self":[{"href":"https:\/\/www.kaashandelsauer.nl\/fr\/wp-json\/wp\/v2\/product\/5261","targetHints":{"allow":["GET"]}}],"collection":[{"href":"https:\/\/www.kaashandelsauer.nl\/fr\/wp-json\/wp\/v2\/product"}],"about":[{"href":"https:\/\/www.kaashandelsauer.nl\/fr\/wp-json\/wp\/v2\/types\/product"}],"replies":[{"embeddable":true,"href":"https:\/\/www.kaashandelsauer.nl\/fr\/wp-json\/wp\/v2\/comments?post=5261"}],"wp:featuredmedia":[{"embeddable":true,"href":"https:\/\/www.kaashandelsauer.nl\/fr\/wp-json\/wp\/v2\/media\/5185"}],"wp:attachment":[{"href":"https:\/\/www.kaashandelsauer.nl\/fr\/wp-json\/wp\/v2\/media?parent=5261"}],"wp:term":[{"taxonomy":"product_brand","embeddable":true,"href":"https:\/\/www.kaashandelsauer.nl\/fr\/wp-json\/wp\/v2\/product_brand?post=5261"},{"taxonomy":"product_cat","embeddable":true,"href":"https:\/\/www.kaashandelsauer.nl\/fr\/wp-json\/wp\/v2\/product_cat?post=5261"},{"taxonomy":"product_tag","embeddable":true,"href":"https:\/\/www.kaashandelsauer.nl\/fr\/wp-json\/wp\/v2\/product_tag?post=5261"}],"curies":[{"name":"wp","href":"https:\/\/api.w.org\/{rel}","templated":true}]}}