{"id":5273,"date":"2026-03-10T00:34:20","date_gmt":"2026-03-09T22:34:20","guid":{"rendered":"https:\/\/www.kaashandelsauer.nl\/winkel\/%f0%9f%a7%80-petit-fromage-fermier-limbourgeois-aux-herbes-italiennes-fr\/"},"modified":"2026-03-10T00:34:20","modified_gmt":"2026-03-09T22:34:20","slug":"%f0%9f%a7%80-petit-fromage-fermier-limbourgeois-aux-herbes-italiennes-fr","status":"publish","type":"product","link":"https:\/\/www.kaashandelsauer.nl\/fr\/winkel\/%f0%9f%a7%80-petit-fromage-fermier-limbourgeois-aux-herbes-italiennes-fr\/","title":{"rendered":"\ud83e\uddc0 Petit Fromage Fermier Limbourgeois aux Herbes Italiennes"},"content":{"rendered":"<p>Parfois, quelque chose de magnifique na\u00eet de la rencontre de deux mondes. Notre tradition fermi\u00e8re limbourgeoise de confiance\u2026 et les saveurs chaleureuses de l&rsquo;Italie. Ce petit fromage fermier limbourgeois aux herbes italiennes est pr\u00e9par\u00e9 artisanalement \u00e0 partir de lait de vache cr\u00e9meux, puis affin\u00e9 avec un m\u00e9lange soigneusement compos\u00e9 d&rsquo;herbes m\u00e9diterran\u00e9ennes. Pensez \u00e0 l&rsquo;origan, au basilic et \u00e0 un soup\u00e7on d&rsquo;ail \u2014 subtilement pr\u00e9sents, jamais envahissants. Le r\u00e9sultat ? Un fromage doux et fondant avec une touche \u00e9pic\u00e9e qui \u00e9voque imm\u00e9diatement les longues soir\u00e9es d&rsquo;\u00e9t\u00e9, un bon verre de vin et un plateau de fromages g\u00e9n\u00e9reusement garni.<\/p>\n<p>Que go\u00fbtez-vous ?<\/p>\n<p>Cr\u00e9meux et l\u00e9g\u00e8rement noisette<\/p>\n<p>Frais et \u00e9pic\u00e9<\/p>\n<p>Finale douce et relev\u00e9e<\/p>\n<p>Parfaitement \u00e9quilibr\u00e9<\/p>\n<p>D\u00e9licieux avec<\/p>\n<p>Un bon verre de vin rouge<\/p>\n<p>Sur une focaccia chaude<\/p>\n<p>En d\u00e9s pour l&rsquo;ap\u00e9ritif<\/p>\n<p>Fondu sur un gratin \u00e0 l&rsquo;italienne<\/p>\n","protected":false},"excerpt":{"rendered":"<p>Parfois, quelque chose de magnifique na\u00eet de la rencontre de deux mondes. Notre tradition fermi\u00e8re limbourgeoise de confiance et les saveurs chaleureuses de l&rsquo;Italie.<\/p>\n","protected":false},"featured_media":5118,"comment_status":"open","ping_status":"closed","template":"","meta":{"site-sidebar-layout":"default","site-content-layout":"","ast-site-content-layout":"default","site-content-style":"default","site-sidebar-style":"default","ast-global-header-display":"","ast-banner-title-visibility":"","ast-main-header-display":"","ast-hfb-above-header-display":"","ast-hfb-below-header-display":"","ast-hfb-mobile-header-display":"","site-post-title":"","ast-breadcrumbs-content":"","ast-featured-img":"","footer-sml-layout":"","ast-disable-related-posts":"","theme-transparent-header-meta":"default","adv-header-id-meta":"","stick-header-meta":"","header-above-stick-meta":"","header-main-stick-meta":"","header-below-stick-meta":"","astra-migrate-meta-layouts":"set","ast-page-background-enabled":"default","ast-page-background-meta":{"desktop":{"background-color":"var(--ast-global-color-5)","background-image":"","background-repeat":"repeat","background-position":"center center","background-size":"auto","background-attachment":"scroll","background-type":"","background-media":"","overlay-type":"","overlay-color":"","overlay-opacity":"","overlay-gradient":""},"tablet":{"background-color":"","background-image":"","background-repeat":"repeat","background-position":"center center","background-size":"auto","background-attachment":"scroll","background-type":"","background-media":"","overlay-type":"","overlay-color":"","overlay-opacity":"","overlay-gradient":""},"mobile":{"background-color":"","background-image":"","background-repeat":"repeat","background-position":"center center","background-size":"auto","background-attachment":"scroll","background-type":"","background-media":"","overlay-type":"","overlay-color":"","overlay-opacity":"","overlay-gradient":""}},"ast-content-background-meta":{"desktop":{"background-color":"var(--ast-global-color-4)","background-image":"","background-repeat":"repeat","background-position":"center center","background-size":"auto","background-attachment":"scroll","background-type":"","background-media":"","overlay-type":"","overlay-color":"","overlay-opacity":"","overlay-gradient":""},"tablet":{"background-color":"var(--ast-global-color-4)","background-image":"","background-repeat":"repeat","background-position":"center center","background-size":"auto","background-attachment":"scroll","background-type":"","background-media":"","overlay-type":"","overlay-color":"","overlay-opacity":"","overlay-gradient":""},"mobile":{"background-color":"var(--ast-global-color-4)","background-image":"","background-repeat":"repeat","background-position":"center center","background-size":"auto","background-attachment":"scroll","background-type":"","background-media":"","overlay-type":"","overlay-color":"","overlay-opacity":"","overlay-gradient":""}}},"product_brand":[],"product_cat":[81],"product_tag":[],"class_list":{"0":"post-5273","1":"product","2":"type-product","3":"status-publish","4":"has-post-thumbnail","6":"product_cat-fromage","7":"desktop-align-left","8":"tablet-align-left","9":"mobile-align-left","10":"ast-product-gallery-layout-horizontal-slider","11":"ast-product-gallery-with-no-image","12":"ast-product-tabs-layout-horizontal","14":"first","15":"instock","16":"taxable","17":"shipping-taxable","18":"purchasable","19":"product-type-simple"},"yoast_head":"<!-- This site is optimized with the Yoast SEO plugin v27.4 - https:\/\/yoast.com\/product\/yoast-seo-wordpress\/ -->\n<title>\ud83e\uddc0 Petit Fromage Fermier Limbourgeois aux Herbes Italiennes - Kaashandel Sauer<\/title>\n<meta name=\"robots\" content=\"index, follow, max-snippet:-1, max-image-preview:large, max-video-preview:-1\" \/>\n<link rel=\"canonical\" href=\"https:\/\/www.kaashandelsauer.nl\/winkel\/\ud83e\uddc0-boerenrondje-limburgs-met-italiaanse-kruiden\/\" \/>\n<meta property=\"og:locale\" content=\"fr_FR\" \/>\n<meta property=\"og:type\" content=\"article\" \/>\n<meta property=\"og:title\" content=\"\ud83e\uddc0 Petit Fromage Fermier Limbourgeois aux Herbes Italiennes - Kaashandel Sauer\" \/>\n<meta property=\"og:description\" content=\"Parfois, quelque chose de magnifique na\u00eet de la rencontre de deux mondes. Notre tradition fermi\u00e8re limbourgeoise de confiance et les saveurs chaleureuses de l&#039;Italie.\" \/>\n<meta property=\"og:url\" content=\"https:\/\/www.kaashandelsauer.nl\/winkel\/\ud83e\uddc0-boerenrondje-limburgs-met-italiaanse-kruiden\/\" \/>\n<meta property=\"og:site_name\" content=\"Kaashandel Sauer\" \/>\n<meta name=\"twitter:card\" content=\"summary_large_image\" \/>\n<meta name=\"twitter:label1\" content=\"Dur\u00e9e de lecture estim\u00e9e\" \/>\n\t<meta name=\"twitter:data1\" content=\"1 minute\" \/>\n<script type=\"application\/ld+json\" class=\"yoast-schema-graph\">{\"@context\":\"https:\\\/\\\/schema.org\",\"@graph\":[{\"@type\":\"WebPage\",\"@id\":\"https:\\\/\\\/www.kaashandelsauer.nl\\\/winkel\\\/%f0%9f%a7%80-boerenrondje-limburgs-met-italiaanse-kruiden\\\/\",\"url\":\"https:\\\/\\\/www.kaashandelsauer.nl\\\/winkel\\\/%f0%9f%a7%80-boerenrondje-limburgs-met-italiaanse-kruiden\\\/\",\"name\":\"\ud83e\uddc0 Petit Fromage Fermier Limbourgeois aux Herbes Italiennes - Kaashandel Sauer\",\"isPartOf\":{\"@id\":\"https:\\\/\\\/www.kaashandelsauer.nl\\\/#website\"},\"primaryImageOfPage\":{\"@id\":\"https:\\\/\\\/www.kaashandelsauer.nl\\\/winkel\\\/%f0%9f%a7%80-boerenrondje-limburgs-met-italiaanse-kruiden\\\/#primaryimage\"},\"image\":{\"@id\":\"https:\\\/\\\/www.kaashandelsauer.nl\\\/winkel\\\/%f0%9f%a7%80-boerenrondje-limburgs-met-italiaanse-kruiden\\\/#primaryimage\"},\"thumbnailUrl\":\"https:\\\/\\\/www.kaashandelsauer.nl\\\/wp-content\\\/uploads\\\/IMG_4951-1-scaled.avif\",\"datePublished\":\"2026-03-09T22:34:20+00:00\",\"breadcrumb\":{\"@id\":\"https:\\\/\\\/www.kaashandelsauer.nl\\\/winkel\\\/%f0%9f%a7%80-boerenrondje-limburgs-met-italiaanse-kruiden\\\/#breadcrumb\"},\"inLanguage\":\"fr-FR\",\"potentialAction\":[{\"@type\":\"ReadAction\",\"target\":[\"https:\\\/\\\/www.kaashandelsauer.nl\\\/winkel\\\/%f0%9f%a7%80-boerenrondje-limburgs-met-italiaanse-kruiden\\\/\"]}]},{\"@type\":\"ImageObject\",\"inLanguage\":\"fr-FR\",\"@id\":\"https:\\\/\\\/www.kaashandelsauer.nl\\\/winkel\\\/%f0%9f%a7%80-boerenrondje-limburgs-met-italiaanse-kruiden\\\/#primaryimage\",\"url\":\"https:\\\/\\\/www.kaashandelsauer.nl\\\/wp-content\\\/uploads\\\/IMG_4951-1-scaled.avif\",\"contentUrl\":\"https:\\\/\\\/www.kaashandelsauer.nl\\\/wp-content\\\/uploads\\\/IMG_4951-1-scaled.avif\",\"width\":1920,\"height\":2560},{\"@type\":\"BreadcrumbList\",\"@id\":\"https:\\\/\\\/www.kaashandelsauer.nl\\\/winkel\\\/%f0%9f%a7%80-boerenrondje-limburgs-met-italiaanse-kruiden\\\/#breadcrumb\",\"itemListElement\":[{\"@type\":\"ListItem\",\"position\":1,\"name\":\"Home\",\"item\":\"https:\\\/\\\/www.kaashandelsauer.nl\\\/\"},{\"@type\":\"ListItem\",\"position\":2,\"name\":\"Boutique\",\"item\":\"https:\\\/\\\/www.kaashandelsauer.nl\\\/boutique\\\/\"},{\"@type\":\"ListItem\",\"position\":3,\"name\":\"\ud83e\uddc0 Petit Fromage Fermier Limbourgeois aux Herbes Italiennes\"}]},{\"@type\":\"WebSite\",\"@id\":\"https:\\\/\\\/www.kaashandelsauer.nl\\\/#website\",\"url\":\"https:\\\/\\\/www.kaashandelsauer.nl\\\/\",\"name\":\"Kaashandel Sauer\",\"description\":\"\",\"potentialAction\":[{\"@type\":\"SearchAction\",\"target\":{\"@type\":\"EntryPoint\",\"urlTemplate\":\"https:\\\/\\\/www.kaashandelsauer.nl\\\/?s={search_term_string}\"},\"query-input\":{\"@type\":\"PropertyValueSpecification\",\"valueRequired\":true,\"valueName\":\"search_term_string\"}}],\"inLanguage\":\"fr-FR\"}]}<\/script>\n<!-- \/ Yoast SEO plugin. -->","yoast_head_json":{"title":"\ud83e\uddc0 Petit Fromage Fermier Limbourgeois aux Herbes Italiennes - Kaashandel Sauer","robots":{"index":"index","follow":"follow","max-snippet":"max-snippet:-1","max-image-preview":"max-image-preview:large","max-video-preview":"max-video-preview:-1"},"canonical":"https:\/\/www.kaashandelsauer.nl\/winkel\/\ud83e\uddc0-boerenrondje-limburgs-met-italiaanse-kruiden\/","og_locale":"fr_FR","og_type":"article","og_title":"\ud83e\uddc0 Petit Fromage Fermier Limbourgeois aux Herbes Italiennes - Kaashandel Sauer","og_description":"Parfois, quelque chose de magnifique na\u00eet de la rencontre de deux mondes. Notre tradition fermi\u00e8re limbourgeoise de confiance et les saveurs chaleureuses de l'Italie.","og_url":"https:\/\/www.kaashandelsauer.nl\/winkel\/\ud83e\uddc0-boerenrondje-limburgs-met-italiaanse-kruiden\/","og_site_name":"Kaashandel Sauer","twitter_card":"summary_large_image","twitter_misc":{"Dur\u00e9e de lecture estim\u00e9e":"1 minute"},"schema":{"@context":"https:\/\/schema.org","@graph":[{"@type":"WebPage","@id":"https:\/\/www.kaashandelsauer.nl\/winkel\/%f0%9f%a7%80-boerenrondje-limburgs-met-italiaanse-kruiden\/","url":"https:\/\/www.kaashandelsauer.nl\/winkel\/%f0%9f%a7%80-boerenrondje-limburgs-met-italiaanse-kruiden\/","name":"\ud83e\uddc0 Petit Fromage Fermier Limbourgeois aux Herbes Italiennes - Kaashandel Sauer","isPartOf":{"@id":"https:\/\/www.kaashandelsauer.nl\/#website"},"primaryImageOfPage":{"@id":"https:\/\/www.kaashandelsauer.nl\/winkel\/%f0%9f%a7%80-boerenrondje-limburgs-met-italiaanse-kruiden\/#primaryimage"},"image":{"@id":"https:\/\/www.kaashandelsauer.nl\/winkel\/%f0%9f%a7%80-boerenrondje-limburgs-met-italiaanse-kruiden\/#primaryimage"},"thumbnailUrl":"https:\/\/www.kaashandelsauer.nl\/wp-content\/uploads\/IMG_4951-1-scaled.avif","datePublished":"2026-03-09T22:34:20+00:00","breadcrumb":{"@id":"https:\/\/www.kaashandelsauer.nl\/winkel\/%f0%9f%a7%80-boerenrondje-limburgs-met-italiaanse-kruiden\/#breadcrumb"},"inLanguage":"fr-FR","potentialAction":[{"@type":"ReadAction","target":["https:\/\/www.kaashandelsauer.nl\/winkel\/%f0%9f%a7%80-boerenrondje-limburgs-met-italiaanse-kruiden\/"]}]},{"@type":"ImageObject","inLanguage":"fr-FR","@id":"https:\/\/www.kaashandelsauer.nl\/winkel\/%f0%9f%a7%80-boerenrondje-limburgs-met-italiaanse-kruiden\/#primaryimage","url":"https:\/\/www.kaashandelsauer.nl\/wp-content\/uploads\/IMG_4951-1-scaled.avif","contentUrl":"https:\/\/www.kaashandelsauer.nl\/wp-content\/uploads\/IMG_4951-1-scaled.avif","width":1920,"height":2560},{"@type":"BreadcrumbList","@id":"https:\/\/www.kaashandelsauer.nl\/winkel\/%f0%9f%a7%80-boerenrondje-limburgs-met-italiaanse-kruiden\/#breadcrumb","itemListElement":[{"@type":"ListItem","position":1,"name":"Home","item":"https:\/\/www.kaashandelsauer.nl\/"},{"@type":"ListItem","position":2,"name":"Boutique","item":"https:\/\/www.kaashandelsauer.nl\/boutique\/"},{"@type":"ListItem","position":3,"name":"\ud83e\uddc0 Petit Fromage Fermier Limbourgeois aux Herbes Italiennes"}]},{"@type":"WebSite","@id":"https:\/\/www.kaashandelsauer.nl\/#website","url":"https:\/\/www.kaashandelsauer.nl\/","name":"Kaashandel Sauer","description":"","potentialAction":[{"@type":"SearchAction","target":{"@type":"EntryPoint","urlTemplate":"https:\/\/www.kaashandelsauer.nl\/?s={search_term_string}"},"query-input":{"@type":"PropertyValueSpecification","valueRequired":true,"valueName":"search_term_string"}}],"inLanguage":"fr-FR"}]}},"jetpack_sharing_enabled":true,"_links":{"self":[{"href":"https:\/\/www.kaashandelsauer.nl\/fr\/wp-json\/wp\/v2\/product\/5273","targetHints":{"allow":["GET"]}}],"collection":[{"href":"https:\/\/www.kaashandelsauer.nl\/fr\/wp-json\/wp\/v2\/product"}],"about":[{"href":"https:\/\/www.kaashandelsauer.nl\/fr\/wp-json\/wp\/v2\/types\/product"}],"replies":[{"embeddable":true,"href":"https:\/\/www.kaashandelsauer.nl\/fr\/wp-json\/wp\/v2\/comments?post=5273"}],"wp:featuredmedia":[{"embeddable":true,"href":"https:\/\/www.kaashandelsauer.nl\/fr\/wp-json\/wp\/v2\/media\/5118"}],"wp:attachment":[{"href":"https:\/\/www.kaashandelsauer.nl\/fr\/wp-json\/wp\/v2\/media?parent=5273"}],"wp:term":[{"taxonomy":"product_brand","embeddable":true,"href":"https:\/\/www.kaashandelsauer.nl\/fr\/wp-json\/wp\/v2\/product_brand?post=5273"},{"taxonomy":"product_cat","embeddable":true,"href":"https:\/\/www.kaashandelsauer.nl\/fr\/wp-json\/wp\/v2\/product_cat?post=5273"},{"taxonomy":"product_tag","embeddable":true,"href":"https:\/\/www.kaashandelsauer.nl\/fr\/wp-json\/wp\/v2\/product_tag?post=5273"}],"curies":[{"name":"wp","href":"https:\/\/api.w.org\/{rel}","templated":true}]}}