{"id":5276,"date":"2026-03-10T00:34:21","date_gmt":"2026-03-09T22:34:21","guid":{"rendered":"https:\/\/www.kaashandelsauer.nl\/winkel\/petit-fromage-fermier-a-lail-des-ours-fr\/"},"modified":"2026-03-10T00:34:21","modified_gmt":"2026-03-09T22:34:21","slug":"petit-fromage-fermier-a-lail-des-ours-fr","status":"publish","type":"product","link":"https:\/\/www.kaashandelsauer.nl\/fr\/winkel\/petit-fromage-fermier-a-lail-des-ours-fr\/","title":{"rendered":"Petit Fromage Fermier \u00e0 l&rsquo;Ail des Ours"},"content":{"rendered":"<p>Ce fromage exceptionnel r\u00e9unit onctuosit\u00e9 et nature en parfaite harmonie. La base douce et fondante est enrichie d&rsquo;ail des ours aromatique \u2013 une herbe sauvage printani\u00e8re \u00e0 la fra\u00eecheur subtilement aill\u00e9e. Le r\u00e9sultat ? Un fromage qui commence avec \u00e9l\u00e9gance et se termine par un raffinement doux et \u00e9pic\u00e9. Pas de go\u00fbt d&rsquo;ail prononc\u00e9, mais une nuance fra\u00eeche et verte magnifiquement \u00e9quilibr\u00e9e.<\/p>\n<p>Profil gustatif<\/p>\n<p>Cr\u00e9meux, doux et l\u00e9g\u00e8rement \u00e9pic\u00e9. La pleine saveur de cr\u00e8me du fromage est subtilement renforc\u00e9e par les notes fra\u00eeches et aromatiques de l&rsquo;ail des ours. \u00c9l\u00e9gant, rond et \u00e9tonnamment raffin\u00e9.<\/p>\n<p>Se marie parfaitement avec<\/p>\n<p>Un vin blanc frais ou un Sauvignon Blanc<\/p>\n<p>Une bi\u00e8re blonde artisanale l\u00e9g\u00e8re<\/p>\n<p>Sur une baguette rustique avec du beurre<\/p>\n<p>Fondu sur des pommes de terre ou dans une quiche sal\u00e9e<\/p>\n","protected":false},"excerpt":{"rendered":"<p>Ce fromage exceptionnel r\u00e9unit onctuosit\u00e9 et nature en parfaite harmonie. La base douce et fondante est enrichie d&rsquo;ail des ours aromatique.<\/p>\n","protected":false},"featured_media":5134,"comment_status":"open","ping_status":"closed","template":"","meta":{"site-sidebar-layout":"default","site-content-layout":"","ast-site-content-layout":"default","site-content-style":"default","site-sidebar-style":"default","ast-global-header-display":"","ast-banner-title-visibility":"","ast-main-header-display":"","ast-hfb-above-header-display":"","ast-hfb-below-header-display":"","ast-hfb-mobile-header-display":"","site-post-title":"","ast-breadcrumbs-content":"","ast-featured-img":"","footer-sml-layout":"","ast-disable-related-posts":"","theme-transparent-header-meta":"default","adv-header-id-meta":"","stick-header-meta":"","header-above-stick-meta":"","header-main-stick-meta":"","header-below-stick-meta":"","astra-migrate-meta-layouts":"set","ast-page-background-enabled":"default","ast-page-background-meta":{"desktop":{"background-color":"var(--ast-global-color-5)","background-image":"","background-repeat":"repeat","background-position":"center center","background-size":"auto","background-attachment":"scroll","background-type":"","background-media":"","overlay-type":"","overlay-color":"","overlay-opacity":"","overlay-gradient":""},"tablet":{"background-color":"","background-image":"","background-repeat":"repeat","background-position":"center center","background-size":"auto","background-attachment":"scroll","background-type":"","background-media":"","overlay-type":"","overlay-color":"","overlay-opacity":"","overlay-gradient":""},"mobile":{"background-color":"","background-image":"","background-repeat":"repeat","background-position":"center center","background-size":"auto","background-attachment":"scroll","background-type":"","background-media":"","overlay-type":"","overlay-color":"","overlay-opacity":"","overlay-gradient":""}},"ast-content-background-meta":{"desktop":{"background-color":"var(--ast-global-color-4)","background-image":"","background-repeat":"repeat","background-position":"center center","background-size":"auto","background-attachment":"scroll","background-type":"","background-media":"","overlay-type":"","overlay-color":"","overlay-opacity":"","overlay-gradient":""},"tablet":{"background-color":"var(--ast-global-color-4)","background-image":"","background-repeat":"repeat","background-position":"center center","background-size":"auto","background-attachment":"scroll","background-type":"","background-media":"","overlay-type":"","overlay-color":"","overlay-opacity":"","overlay-gradient":""},"mobile":{"background-color":"var(--ast-global-color-4)","background-image":"","background-repeat":"repeat","background-position":"center center","background-size":"auto","background-attachment":"scroll","background-type":"","background-media":"","overlay-type":"","overlay-color":"","overlay-opacity":"","overlay-gradient":""}}},"product_brand":[],"product_cat":[81],"product_tag":[],"class_list":{"0":"post-5276","1":"product","2":"type-product","3":"status-publish","4":"has-post-thumbnail","6":"product_cat-fromage","7":"desktop-align-left","8":"tablet-align-left","9":"mobile-align-left","10":"ast-product-gallery-layout-horizontal-slider","11":"ast-product-gallery-with-no-image","12":"ast-product-tabs-layout-horizontal","14":"first","15":"instock","16":"taxable","17":"shipping-taxable","18":"purchasable","19":"product-type-simple"},"yoast_head":"<!-- This site is optimized with the Yoast SEO plugin v27.4 - https:\/\/yoast.com\/product\/yoast-seo-wordpress\/ -->\n<title>Petit Fromage Fermier \u00e0 l&#039;Ail des Ours - Kaashandel Sauer<\/title>\n<meta name=\"robots\" content=\"index, follow, max-snippet:-1, max-image-preview:large, max-video-preview:-1\" \/>\n<link rel=\"canonical\" href=\"https:\/\/www.kaashandelsauer.nl\/winkel\/boerenrondje-daslook\/\" \/>\n<meta property=\"og:locale\" content=\"fr_FR\" \/>\n<meta property=\"og:type\" content=\"article\" \/>\n<meta property=\"og:title\" content=\"Petit Fromage Fermier \u00e0 l&#039;Ail des Ours - Kaashandel Sauer\" \/>\n<meta property=\"og:description\" content=\"Ce fromage exceptionnel r\u00e9unit onctuosit\u00e9 et nature en parfaite harmonie. La base douce et fondante est enrichie d&#039;ail des ours aromatique.\" \/>\n<meta property=\"og:url\" content=\"https:\/\/www.kaashandelsauer.nl\/winkel\/boerenrondje-daslook\/\" \/>\n<meta property=\"og:site_name\" content=\"Kaashandel Sauer\" \/>\n<meta name=\"twitter:card\" content=\"summary_large_image\" \/>\n<meta name=\"twitter:label1\" content=\"Dur\u00e9e de lecture estim\u00e9e\" \/>\n\t<meta name=\"twitter:data1\" content=\"2 minutes\" \/>\n<script type=\"application\/ld+json\" class=\"yoast-schema-graph\">{\"@context\":\"https:\\\/\\\/schema.org\",\"@graph\":[{\"@type\":\"WebPage\",\"@id\":\"https:\\\/\\\/www.kaashandelsauer.nl\\\/winkel\\\/boerenrondje-daslook\\\/\",\"url\":\"https:\\\/\\\/www.kaashandelsauer.nl\\\/winkel\\\/boerenrondje-daslook\\\/\",\"name\":\"Petit Fromage Fermier \u00e0 l'Ail des Ours - Kaashandel Sauer\",\"isPartOf\":{\"@id\":\"https:\\\/\\\/www.kaashandelsauer.nl\\\/#website\"},\"primaryImageOfPage\":{\"@id\":\"https:\\\/\\\/www.kaashandelsauer.nl\\\/winkel\\\/boerenrondje-daslook\\\/#primaryimage\"},\"image\":{\"@id\":\"https:\\\/\\\/www.kaashandelsauer.nl\\\/winkel\\\/boerenrondje-daslook\\\/#primaryimage\"},\"thumbnailUrl\":\"https:\\\/\\\/www.kaashandelsauer.nl\\\/wp-content\\\/uploads\\\/IMG_4957-2-scaled.avif\",\"datePublished\":\"2026-03-09T22:34:21+00:00\",\"breadcrumb\":{\"@id\":\"https:\\\/\\\/www.kaashandelsauer.nl\\\/winkel\\\/boerenrondje-daslook\\\/#breadcrumb\"},\"inLanguage\":\"fr-FR\",\"potentialAction\":[{\"@type\":\"ReadAction\",\"target\":[\"https:\\\/\\\/www.kaashandelsauer.nl\\\/winkel\\\/boerenrondje-daslook\\\/\"]}]},{\"@type\":\"ImageObject\",\"inLanguage\":\"fr-FR\",\"@id\":\"https:\\\/\\\/www.kaashandelsauer.nl\\\/winkel\\\/boerenrondje-daslook\\\/#primaryimage\",\"url\":\"https:\\\/\\\/www.kaashandelsauer.nl\\\/wp-content\\\/uploads\\\/IMG_4957-2-scaled.avif\",\"contentUrl\":\"https:\\\/\\\/www.kaashandelsauer.nl\\\/wp-content\\\/uploads\\\/IMG_4957-2-scaled.avif\",\"width\":1920,\"height\":2560},{\"@type\":\"BreadcrumbList\",\"@id\":\"https:\\\/\\\/www.kaashandelsauer.nl\\\/winkel\\\/boerenrondje-daslook\\\/#breadcrumb\",\"itemListElement\":[{\"@type\":\"ListItem\",\"position\":1,\"name\":\"Home\",\"item\":\"https:\\\/\\\/www.kaashandelsauer.nl\\\/\"},{\"@type\":\"ListItem\",\"position\":2,\"name\":\"Boutique\",\"item\":\"https:\\\/\\\/www.kaashandelsauer.nl\\\/boutique\\\/\"},{\"@type\":\"ListItem\",\"position\":3,\"name\":\"Petit Fromage Fermier \u00e0 l&#8217;Ail des Ours\"}]},{\"@type\":\"WebSite\",\"@id\":\"https:\\\/\\\/www.kaashandelsauer.nl\\\/#website\",\"url\":\"https:\\\/\\\/www.kaashandelsauer.nl\\\/\",\"name\":\"Kaashandel Sauer\",\"description\":\"\",\"potentialAction\":[{\"@type\":\"SearchAction\",\"target\":{\"@type\":\"EntryPoint\",\"urlTemplate\":\"https:\\\/\\\/www.kaashandelsauer.nl\\\/?s={search_term_string}\"},\"query-input\":{\"@type\":\"PropertyValueSpecification\",\"valueRequired\":true,\"valueName\":\"search_term_string\"}}],\"inLanguage\":\"fr-FR\"}]}<\/script>\n<!-- \/ Yoast SEO plugin. -->","yoast_head_json":{"title":"Petit Fromage Fermier \u00e0 l'Ail des Ours - Kaashandel Sauer","robots":{"index":"index","follow":"follow","max-snippet":"max-snippet:-1","max-image-preview":"max-image-preview:large","max-video-preview":"max-video-preview:-1"},"canonical":"https:\/\/www.kaashandelsauer.nl\/winkel\/boerenrondje-daslook\/","og_locale":"fr_FR","og_type":"article","og_title":"Petit Fromage Fermier \u00e0 l'Ail des Ours - Kaashandel Sauer","og_description":"Ce fromage exceptionnel r\u00e9unit onctuosit\u00e9 et nature en parfaite harmonie. La base douce et fondante est enrichie d'ail des ours aromatique.","og_url":"https:\/\/www.kaashandelsauer.nl\/winkel\/boerenrondje-daslook\/","og_site_name":"Kaashandel Sauer","twitter_card":"summary_large_image","twitter_misc":{"Dur\u00e9e de lecture estim\u00e9e":"2 minutes"},"schema":{"@context":"https:\/\/schema.org","@graph":[{"@type":"WebPage","@id":"https:\/\/www.kaashandelsauer.nl\/winkel\/boerenrondje-daslook\/","url":"https:\/\/www.kaashandelsauer.nl\/winkel\/boerenrondje-daslook\/","name":"Petit Fromage Fermier \u00e0 l'Ail des Ours - Kaashandel Sauer","isPartOf":{"@id":"https:\/\/www.kaashandelsauer.nl\/#website"},"primaryImageOfPage":{"@id":"https:\/\/www.kaashandelsauer.nl\/winkel\/boerenrondje-daslook\/#primaryimage"},"image":{"@id":"https:\/\/www.kaashandelsauer.nl\/winkel\/boerenrondje-daslook\/#primaryimage"},"thumbnailUrl":"https:\/\/www.kaashandelsauer.nl\/wp-content\/uploads\/IMG_4957-2-scaled.avif","datePublished":"2026-03-09T22:34:21+00:00","breadcrumb":{"@id":"https:\/\/www.kaashandelsauer.nl\/winkel\/boerenrondje-daslook\/#breadcrumb"},"inLanguage":"fr-FR","potentialAction":[{"@type":"ReadAction","target":["https:\/\/www.kaashandelsauer.nl\/winkel\/boerenrondje-daslook\/"]}]},{"@type":"ImageObject","inLanguage":"fr-FR","@id":"https:\/\/www.kaashandelsauer.nl\/winkel\/boerenrondje-daslook\/#primaryimage","url":"https:\/\/www.kaashandelsauer.nl\/wp-content\/uploads\/IMG_4957-2-scaled.avif","contentUrl":"https:\/\/www.kaashandelsauer.nl\/wp-content\/uploads\/IMG_4957-2-scaled.avif","width":1920,"height":2560},{"@type":"BreadcrumbList","@id":"https:\/\/www.kaashandelsauer.nl\/winkel\/boerenrondje-daslook\/#breadcrumb","itemListElement":[{"@type":"ListItem","position":1,"name":"Home","item":"https:\/\/www.kaashandelsauer.nl\/"},{"@type":"ListItem","position":2,"name":"Boutique","item":"https:\/\/www.kaashandelsauer.nl\/boutique\/"},{"@type":"ListItem","position":3,"name":"Petit Fromage Fermier \u00e0 l&#8217;Ail des Ours"}]},{"@type":"WebSite","@id":"https:\/\/www.kaashandelsauer.nl\/#website","url":"https:\/\/www.kaashandelsauer.nl\/","name":"Kaashandel Sauer","description":"","potentialAction":[{"@type":"SearchAction","target":{"@type":"EntryPoint","urlTemplate":"https:\/\/www.kaashandelsauer.nl\/?s={search_term_string}"},"query-input":{"@type":"PropertyValueSpecification","valueRequired":true,"valueName":"search_term_string"}}],"inLanguage":"fr-FR"}]}},"jetpack_sharing_enabled":true,"_links":{"self":[{"href":"https:\/\/www.kaashandelsauer.nl\/fr\/wp-json\/wp\/v2\/product\/5276","targetHints":{"allow":["GET"]}}],"collection":[{"href":"https:\/\/www.kaashandelsauer.nl\/fr\/wp-json\/wp\/v2\/product"}],"about":[{"href":"https:\/\/www.kaashandelsauer.nl\/fr\/wp-json\/wp\/v2\/types\/product"}],"replies":[{"embeddable":true,"href":"https:\/\/www.kaashandelsauer.nl\/fr\/wp-json\/wp\/v2\/comments?post=5276"}],"wp:featuredmedia":[{"embeddable":true,"href":"https:\/\/www.kaashandelsauer.nl\/fr\/wp-json\/wp\/v2\/media\/5134"}],"wp:attachment":[{"href":"https:\/\/www.kaashandelsauer.nl\/fr\/wp-json\/wp\/v2\/media?parent=5276"}],"wp:term":[{"taxonomy":"product_brand","embeddable":true,"href":"https:\/\/www.kaashandelsauer.nl\/fr\/wp-json\/wp\/v2\/product_brand?post=5276"},{"taxonomy":"product_cat","embeddable":true,"href":"https:\/\/www.kaashandelsauer.nl\/fr\/wp-json\/wp\/v2\/product_cat?post=5276"},{"taxonomy":"product_tag","embeddable":true,"href":"https:\/\/www.kaashandelsauer.nl\/fr\/wp-json\/wp\/v2\/product_tag?post=5276"}],"curies":[{"name":"wp","href":"https:\/\/api.w.org\/{rel}","templated":true}]}}