{"id":5282,"date":"2026-03-10T00:34:21","date_gmt":"2026-03-09T22:34:21","guid":{"rendered":"https:\/\/www.kaashandelsauer.nl\/winkel\/%f0%9f%a7%80-petit-fromage-fermier-maastricht-doux-cremeux-et-plein-de-raffinement-fr\/"},"modified":"2026-03-10T00:34:21","modified_gmt":"2026-03-09T22:34:21","slug":"%f0%9f%a7%80-petit-fromage-fermier-maastricht-doux-cremeux-et-plein-de-raffinement-fr","status":"publish","type":"product","link":"https:\/\/www.kaashandelsauer.nl\/fr\/winkel\/%f0%9f%a7%80-petit-fromage-fermier-maastricht-doux-cremeux-et-plein-de-raffinement-fr\/","title":{"rendered":"\ud83e\uddc0 Petit Fromage Fermier Maastricht \u2013 Doux, cr\u00e9meux et plein de raffinement"},"content":{"rendered":"<p>Le petit fromage fermier Maastricht est le c\u0153ur tendre de notre collection. Un fromage cr\u00e9meux et raffin\u00e9 qui refl\u00e8te parfaitement le c\u00f4t\u00e9 chaleureux et bourguignon de la ville. Ce petit fromage artisanal a une texture naturelle et fondante et un caract\u00e8re doux. Jeune d&rsquo;esprit, mais riche en saveur. Chaque bouch\u00e9e est douce, pleine et \u00e9l\u00e9gante \u2013 exactement comme un vrai fromage limbourgeois se doit d&rsquo;\u00eatre.<\/p>\n<p>Profil gustatif<\/p>\n<p>Doux et cr\u00e9meux, avec une saveur de cr\u00e8me fra\u00eeche et pleine et une subtile profondeur. Pas cors\u00e9, mais rond et raffin\u00e9.<\/p>\n<p>Se marie parfaitement avec<\/p>\n<p>Du pain frais ou une baguette croustillante<\/p>\n<p>Un verre de vin blanc ou un ros\u00e9 frais<\/p>\n<p>Sur un plateau de fromages avec noix et raisins<\/p>\n<p>Ou tout simplement comme plaisir quotidien<\/p>\n","protected":false},"excerpt":{"rendered":"<p>Le petit fromage fermier Maastricht est le c\u0153ur tendre de notre collection. Un fromage cr\u00e9meux et raffin\u00e9 qui refl\u00e8te parfaitement le c\u00f4t\u00e9 chaleureux et bourguignon de la ville.<\/p>\n","protected":false},"featured_media":5110,"comment_status":"open","ping_status":"closed","template":"","meta":{"site-sidebar-layout":"default","site-content-layout":"","ast-site-content-layout":"default","site-content-style":"default","site-sidebar-style":"default","ast-global-header-display":"","ast-banner-title-visibility":"","ast-main-header-display":"","ast-hfb-above-header-display":"","ast-hfb-below-header-display":"","ast-hfb-mobile-header-display":"","site-post-title":"","ast-breadcrumbs-content":"","ast-featured-img":"","footer-sml-layout":"","ast-disable-related-posts":"","theme-transparent-header-meta":"default","adv-header-id-meta":"","stick-header-meta":"","header-above-stick-meta":"","header-main-stick-meta":"","header-below-stick-meta":"","astra-migrate-meta-layouts":"set","ast-page-background-enabled":"default","ast-page-background-meta":{"desktop":{"background-color":"var(--ast-global-color-5)","background-image":"","background-repeat":"repeat","background-position":"center center","background-size":"auto","background-attachment":"scroll","background-type":"","background-media":"","overlay-type":"","overlay-color":"","overlay-opacity":"","overlay-gradient":""},"tablet":{"background-color":"","background-image":"","background-repeat":"repeat","background-position":"center center","background-size":"auto","background-attachment":"scroll","background-type":"","background-media":"","overlay-type":"","overlay-color":"","overlay-opacity":"","overlay-gradient":""},"mobile":{"background-color":"","background-image":"","background-repeat":"repeat","background-position":"center center","background-size":"auto","background-attachment":"scroll","background-type":"","background-media":"","overlay-type":"","overlay-color":"","overlay-opacity":"","overlay-gradient":""}},"ast-content-background-meta":{"desktop":{"background-color":"var(--ast-global-color-4)","background-image":"","background-repeat":"repeat","background-position":"center center","background-size":"auto","background-attachment":"scroll","background-type":"","background-media":"","overlay-type":"","overlay-color":"","overlay-opacity":"","overlay-gradient":""},"tablet":{"background-color":"var(--ast-global-color-4)","background-image":"","background-repeat":"repeat","background-position":"center center","background-size":"auto","background-attachment":"scroll","background-type":"","background-media":"","overlay-type":"","overlay-color":"","overlay-opacity":"","overlay-gradient":""},"mobile":{"background-color":"var(--ast-global-color-4)","background-image":"","background-repeat":"repeat","background-position":"center center","background-size":"auto","background-attachment":"scroll","background-type":"","background-media":"","overlay-type":"","overlay-color":"","overlay-opacity":"","overlay-gradient":""}}},"product_brand":[],"product_cat":[81],"product_tag":[],"class_list":{"0":"post-5282","1":"product","2":"type-product","3":"status-publish","4":"has-post-thumbnail","6":"product_cat-fromage","7":"desktop-align-left","8":"tablet-align-left","9":"mobile-align-left","10":"ast-product-gallery-layout-horizontal-slider","11":"ast-product-tabs-layout-horizontal","13":"first","14":"instock","15":"taxable","16":"shipping-taxable","17":"purchasable","18":"product-type-simple"},"yoast_head":"<!-- This site is optimized with the Yoast SEO plugin v27.4 - https:\/\/yoast.com\/product\/yoast-seo-wordpress\/ -->\n<title>\ud83e\uddc0 Petit Fromage Fermier Maastricht \u2013 Doux, cr\u00e9meux et plein de raffinement - Kaashandel Sauer<\/title>\n<meta name=\"robots\" content=\"index, follow, max-snippet:-1, max-image-preview:large, max-video-preview:-1\" \/>\n<link rel=\"canonical\" href=\"https:\/\/www.kaashandelsauer.nl\/winkel\/\ud83e\uddc0-boerenrondje-maastricht-zacht-romig-en-vol-verfijning\/\" \/>\n<meta property=\"og:locale\" content=\"fr_FR\" \/>\n<meta property=\"og:type\" content=\"article\" \/>\n<meta property=\"og:title\" content=\"\ud83e\uddc0 Petit Fromage Fermier Maastricht \u2013 Doux, cr\u00e9meux et plein de raffinement - Kaashandel Sauer\" \/>\n<meta property=\"og:description\" content=\"Le petit fromage fermier Maastricht est le c\u0153ur tendre de notre collection. Un fromage cr\u00e9meux et raffin\u00e9 qui refl\u00e8te parfaitement le c\u00f4t\u00e9 chaleureux et bourguignon de la ville.\" \/>\n<meta property=\"og:url\" content=\"https:\/\/www.kaashandelsauer.nl\/winkel\/\ud83e\uddc0-boerenrondje-maastricht-zacht-romig-en-vol-verfijning\/\" \/>\n<meta property=\"og:site_name\" content=\"Kaashandel Sauer\" \/>\n<meta name=\"twitter:card\" content=\"summary_large_image\" \/>\n<meta name=\"twitter:label1\" content=\"Dur\u00e9e de lecture estim\u00e9e\" \/>\n\t<meta name=\"twitter:data1\" content=\"2 minutes\" \/>\n<script type=\"application\/ld+json\" class=\"yoast-schema-graph\">{\"@context\":\"https:\\\/\\\/schema.org\",\"@graph\":[{\"@type\":\"WebPage\",\"@id\":\"https:\\\/\\\/www.kaashandelsauer.nl\\\/winkel\\\/%f0%9f%a7%80-boerenrondje-maastricht-zacht-romig-en-vol-verfijning\\\/\",\"url\":\"https:\\\/\\\/www.kaashandelsauer.nl\\\/winkel\\\/%f0%9f%a7%80-boerenrondje-maastricht-zacht-romig-en-vol-verfijning\\\/\",\"name\":\"\ud83e\uddc0 Petit Fromage Fermier Maastricht \u2013 Doux, cr\u00e9meux et plein de raffinement - Kaashandel Sauer\",\"isPartOf\":{\"@id\":\"https:\\\/\\\/www.kaashandelsauer.nl\\\/#website\"},\"primaryImageOfPage\":{\"@id\":\"https:\\\/\\\/www.kaashandelsauer.nl\\\/winkel\\\/%f0%9f%a7%80-boerenrondje-maastricht-zacht-romig-en-vol-verfijning\\\/#primaryimage\"},\"image\":{\"@id\":\"https:\\\/\\\/www.kaashandelsauer.nl\\\/winkel\\\/%f0%9f%a7%80-boerenrondje-maastricht-zacht-romig-en-vol-verfijning\\\/#primaryimage\"},\"thumbnailUrl\":\"https:\\\/\\\/www.kaashandelsauer.nl\\\/wp-content\\\/uploads\\\/IMG_4952-1-scaled.avif\",\"datePublished\":\"2026-03-09T22:34:21+00:00\",\"breadcrumb\":{\"@id\":\"https:\\\/\\\/www.kaashandelsauer.nl\\\/winkel\\\/%f0%9f%a7%80-boerenrondje-maastricht-zacht-romig-en-vol-verfijning\\\/#breadcrumb\"},\"inLanguage\":\"fr-FR\",\"potentialAction\":[{\"@type\":\"ReadAction\",\"target\":[\"https:\\\/\\\/www.kaashandelsauer.nl\\\/winkel\\\/%f0%9f%a7%80-boerenrondje-maastricht-zacht-romig-en-vol-verfijning\\\/\"]}]},{\"@type\":\"ImageObject\",\"inLanguage\":\"fr-FR\",\"@id\":\"https:\\\/\\\/www.kaashandelsauer.nl\\\/winkel\\\/%f0%9f%a7%80-boerenrondje-maastricht-zacht-romig-en-vol-verfijning\\\/#primaryimage\",\"url\":\"https:\\\/\\\/www.kaashandelsauer.nl\\\/wp-content\\\/uploads\\\/IMG_4952-1-scaled.avif\",\"contentUrl\":\"https:\\\/\\\/www.kaashandelsauer.nl\\\/wp-content\\\/uploads\\\/IMG_4952-1-scaled.avif\",\"width\":1920,\"height\":2560},{\"@type\":\"BreadcrumbList\",\"@id\":\"https:\\\/\\\/www.kaashandelsauer.nl\\\/winkel\\\/%f0%9f%a7%80-boerenrondje-maastricht-zacht-romig-en-vol-verfijning\\\/#breadcrumb\",\"itemListElement\":[{\"@type\":\"ListItem\",\"position\":1,\"name\":\"Home\",\"item\":\"https:\\\/\\\/www.kaashandelsauer.nl\\\/\"},{\"@type\":\"ListItem\",\"position\":2,\"name\":\"Boutique\",\"item\":\"https:\\\/\\\/www.kaashandelsauer.nl\\\/boutique\\\/\"},{\"@type\":\"ListItem\",\"position\":3,\"name\":\"\ud83e\uddc0 Petit Fromage Fermier Maastricht \u2013 Doux, cr\u00e9meux et plein de raffinement\"}]},{\"@type\":\"WebSite\",\"@id\":\"https:\\\/\\\/www.kaashandelsauer.nl\\\/#website\",\"url\":\"https:\\\/\\\/www.kaashandelsauer.nl\\\/\",\"name\":\"Kaashandel Sauer\",\"description\":\"\",\"potentialAction\":[{\"@type\":\"SearchAction\",\"target\":{\"@type\":\"EntryPoint\",\"urlTemplate\":\"https:\\\/\\\/www.kaashandelsauer.nl\\\/?s={search_term_string}\"},\"query-input\":{\"@type\":\"PropertyValueSpecification\",\"valueRequired\":true,\"valueName\":\"search_term_string\"}}],\"inLanguage\":\"fr-FR\"}]}<\/script>\n<!-- \/ Yoast SEO plugin. -->","yoast_head_json":{"title":"\ud83e\uddc0 Petit Fromage Fermier Maastricht \u2013 Doux, cr\u00e9meux et plein de raffinement - Kaashandel Sauer","robots":{"index":"index","follow":"follow","max-snippet":"max-snippet:-1","max-image-preview":"max-image-preview:large","max-video-preview":"max-video-preview:-1"},"canonical":"https:\/\/www.kaashandelsauer.nl\/winkel\/\ud83e\uddc0-boerenrondje-maastricht-zacht-romig-en-vol-verfijning\/","og_locale":"fr_FR","og_type":"article","og_title":"\ud83e\uddc0 Petit Fromage Fermier Maastricht \u2013 Doux, cr\u00e9meux et plein de raffinement - Kaashandel Sauer","og_description":"Le petit fromage fermier Maastricht est le c\u0153ur tendre de notre collection. Un fromage cr\u00e9meux et raffin\u00e9 qui refl\u00e8te parfaitement le c\u00f4t\u00e9 chaleureux et bourguignon de la ville.","og_url":"https:\/\/www.kaashandelsauer.nl\/winkel\/\ud83e\uddc0-boerenrondje-maastricht-zacht-romig-en-vol-verfijning\/","og_site_name":"Kaashandel Sauer","twitter_card":"summary_large_image","twitter_misc":{"Dur\u00e9e de lecture estim\u00e9e":"2 minutes"},"schema":{"@context":"https:\/\/schema.org","@graph":[{"@type":"WebPage","@id":"https:\/\/www.kaashandelsauer.nl\/winkel\/%f0%9f%a7%80-boerenrondje-maastricht-zacht-romig-en-vol-verfijning\/","url":"https:\/\/www.kaashandelsauer.nl\/winkel\/%f0%9f%a7%80-boerenrondje-maastricht-zacht-romig-en-vol-verfijning\/","name":"\ud83e\uddc0 Petit Fromage Fermier Maastricht \u2013 Doux, cr\u00e9meux et plein de raffinement - Kaashandel Sauer","isPartOf":{"@id":"https:\/\/www.kaashandelsauer.nl\/#website"},"primaryImageOfPage":{"@id":"https:\/\/www.kaashandelsauer.nl\/winkel\/%f0%9f%a7%80-boerenrondje-maastricht-zacht-romig-en-vol-verfijning\/#primaryimage"},"image":{"@id":"https:\/\/www.kaashandelsauer.nl\/winkel\/%f0%9f%a7%80-boerenrondje-maastricht-zacht-romig-en-vol-verfijning\/#primaryimage"},"thumbnailUrl":"https:\/\/www.kaashandelsauer.nl\/wp-content\/uploads\/IMG_4952-1-scaled.avif","datePublished":"2026-03-09T22:34:21+00:00","breadcrumb":{"@id":"https:\/\/www.kaashandelsauer.nl\/winkel\/%f0%9f%a7%80-boerenrondje-maastricht-zacht-romig-en-vol-verfijning\/#breadcrumb"},"inLanguage":"fr-FR","potentialAction":[{"@type":"ReadAction","target":["https:\/\/www.kaashandelsauer.nl\/winkel\/%f0%9f%a7%80-boerenrondje-maastricht-zacht-romig-en-vol-verfijning\/"]}]},{"@type":"ImageObject","inLanguage":"fr-FR","@id":"https:\/\/www.kaashandelsauer.nl\/winkel\/%f0%9f%a7%80-boerenrondje-maastricht-zacht-romig-en-vol-verfijning\/#primaryimage","url":"https:\/\/www.kaashandelsauer.nl\/wp-content\/uploads\/IMG_4952-1-scaled.avif","contentUrl":"https:\/\/www.kaashandelsauer.nl\/wp-content\/uploads\/IMG_4952-1-scaled.avif","width":1920,"height":2560},{"@type":"BreadcrumbList","@id":"https:\/\/www.kaashandelsauer.nl\/winkel\/%f0%9f%a7%80-boerenrondje-maastricht-zacht-romig-en-vol-verfijning\/#breadcrumb","itemListElement":[{"@type":"ListItem","position":1,"name":"Home","item":"https:\/\/www.kaashandelsauer.nl\/"},{"@type":"ListItem","position":2,"name":"Boutique","item":"https:\/\/www.kaashandelsauer.nl\/boutique\/"},{"@type":"ListItem","position":3,"name":"\ud83e\uddc0 Petit Fromage Fermier Maastricht \u2013 Doux, cr\u00e9meux et plein de raffinement"}]},{"@type":"WebSite","@id":"https:\/\/www.kaashandelsauer.nl\/#website","url":"https:\/\/www.kaashandelsauer.nl\/","name":"Kaashandel Sauer","description":"","potentialAction":[{"@type":"SearchAction","target":{"@type":"EntryPoint","urlTemplate":"https:\/\/www.kaashandelsauer.nl\/?s={search_term_string}"},"query-input":{"@type":"PropertyValueSpecification","valueRequired":true,"valueName":"search_term_string"}}],"inLanguage":"fr-FR"}]}},"jetpack_sharing_enabled":true,"_links":{"self":[{"href":"https:\/\/www.kaashandelsauer.nl\/fr\/wp-json\/wp\/v2\/product\/5282","targetHints":{"allow":["GET"]}}],"collection":[{"href":"https:\/\/www.kaashandelsauer.nl\/fr\/wp-json\/wp\/v2\/product"}],"about":[{"href":"https:\/\/www.kaashandelsauer.nl\/fr\/wp-json\/wp\/v2\/types\/product"}],"replies":[{"embeddable":true,"href":"https:\/\/www.kaashandelsauer.nl\/fr\/wp-json\/wp\/v2\/comments?post=5282"}],"wp:featuredmedia":[{"embeddable":true,"href":"https:\/\/www.kaashandelsauer.nl\/fr\/wp-json\/wp\/v2\/media\/5110"}],"wp:attachment":[{"href":"https:\/\/www.kaashandelsauer.nl\/fr\/wp-json\/wp\/v2\/media?parent=5282"}],"wp:term":[{"taxonomy":"product_brand","embeddable":true,"href":"https:\/\/www.kaashandelsauer.nl\/fr\/wp-json\/wp\/v2\/product_brand?post=5282"},{"taxonomy":"product_cat","embeddable":true,"href":"https:\/\/www.kaashandelsauer.nl\/fr\/wp-json\/wp\/v2\/product_cat?post=5282"},{"taxonomy":"product_tag","embeddable":true,"href":"https:\/\/www.kaashandelsauer.nl\/fr\/wp-json\/wp\/v2\/product_tag?post=5282"}],"curies":[{"name":"wp","href":"https:\/\/api.w.org\/{rel}","templated":true}]}}